{"id":10,"date":"2019-07-09T14:15:12","date_gmt":"2019-07-09T12:15:12","guid":{"rendered":"http:\/\/leschevaux.be\/?page_id=10"},"modified":"2025-02-10T17:09:24","modified_gmt":"2025-02-10T16:09:24","slug":"contact","status":"publish","type":"page","link":"https:\/\/leschevaux.be\/index.php\/contact\/","title":{"rendered":"INFOS"},"content":{"rendered":"<p><span style=\"font-family: Manrope;\">Anouchka Bednarek Coaching<\/span><br \/><span style=\"font-family: Manrope;\">Hautgn\u00e9 50 &#8211; 4140 Sprimont<\/span><br class=\"html-br\" \/><span style=\"font-family: Manrope;\"><span class=\"html-span xdj266r x11i5rnm xat24cr x1mh8g0r xexx8yu x4uap5 x18d9i69 xkhd6sd x1hl2dhg x16tdsg8 x1vvkbs\"><strong class=\"html-strong xdj266r x11i5rnm xat24cr x1mh8g0r xexx8yu x4uap5 x18d9i69 xkhd6sd x1hl2dhg x16tdsg8 x1vvkbs x1s688f\">What&rsquo;sapp <\/strong><\/span>: 0498\/15.96.74<\/span><br class=\"html-br\" \/><span style=\"font-family: Manrope;\"><span class=\"html-span xdj266r x11i5rnm xat24cr x1mh8g0r xexx8yu x4uap5 x18d9i69 xkhd6sd x1hl2dhg x16tdsg8 x1vvkbs\"><strong class=\"html-strong xdj266r x11i5rnm xat24cr x1mh8g0r xexx8yu x4uap5 x18d9i69 xkhd6sd x1hl2dhg x16tdsg8 x1vvkbs x1s688f\">Mail<\/strong><\/span>\u00a0: abcasbl@abcoach.be<\/span><br class=\"html-br\" \/><span style=\"font-family: Manrope;\">BE 1018.214.245 rpm Li\u00e8ge<\/span><br class=\"html-br\" \/><span style=\"font-family: Manrope;\">Compte bancaire : BE79 0020 0043 4333<\/span><\/p>\n<p><span style=\"font-family: Manrope;\">SMS : 0498\/15.96.74 &#8211; Ma-Di 09.00-18.00<\/span><br \/><span style=\"font-family: Manrope;\">(VISITES UNIQUEMENT sur Rendez-vous)<\/span><\/p>\n<p><span style=\"font-family: Manrope;\">Attention : le chemin est privatif. Les GPS courants vous emm\u00e8nent dans les champs. Regardez d&rsquo;abord sur google.<\/span><\/p>\n<div id='gallery-1' class='gallery galleryid-10 gallery-columns-2 gallery-size-thumbnail'><figure class='gallery-item'>\n\t\t\t<div class='gallery-icon landscape'>\n\t\t\t\t<a href='https:\/\/leschevaux.be\/index.php\/contact\/zones-ecoranch\/'><img decoding=\"async\" width=\"150\" height=\"150\" src=\"https:\/\/leschevaux.be\/wp-content\/uploads\/2022\/01\/Zones-ecoranch-150x150.jpg\" class=\"attachment-thumbnail size-thumbnail\" alt=\"\" srcset=\"https:\/\/leschevaux.be\/wp-content\/uploads\/2022\/01\/Zones-ecoranch-150x150.jpg 150w, https:\/\/leschevaux.be\/wp-content\/uploads\/2022\/01\/Zones-ecoranch-84x84.jpg 84w\" sizes=\"(max-width: 150px) 100vw, 150px\" \/><\/a>\n\t\t\t<\/div><\/figure><figure class='gallery-item'>\n\t\t\t<div class='gallery-icon landscape'>\n\t\t\t\t<a href='https:\/\/leschevaux.be\/index.php\/contact\/image1\/'><img decoding=\"async\" width=\"150\" height=\"150\" src=\"https:\/\/leschevaux.be\/wp-content\/uploads\/2022\/01\/Image1-150x150.jpg\" class=\"attachment-thumbnail size-thumbnail\" alt=\"\" srcset=\"https:\/\/leschevaux.be\/wp-content\/uploads\/2022\/01\/Image1-150x150.jpg 150w, https:\/\/leschevaux.be\/wp-content\/uploads\/2022\/01\/Image1-84x84.jpg 84w\" sizes=\"(max-width: 150px) 100vw, 150px\" \/><\/a>\n\t\t\t<\/div><\/figure>\n\t\t<\/div>\n\n<p><span style=\"font-family: Manrope;\">Affiliations sportives : FFE, AQHA, APHA, PRAB, BPHC, IQPA (en fonction des shows planifi\u00e9s\/an)<\/span><br \/><span style=\"font-family: Manrope;\">Labels LEWB re\u00e7us avant notre changement de f\u00e9d\u00e9ration :\u00a0 Poney-club qualifi\u00e9 , Cercle Qualifi\u00e9<\/span><\/p>\n\n<div class=\"wpforms-container wpforms-container-full\" id=\"wpforms-236\"><form id=\"wpforms-form-236\" class=\"wpforms-validate wpforms-form\" data-formid=\"236\" method=\"post\" enctype=\"multipart\/form-data\" action=\"\/index.php\/wp-json\/wp\/v2\/pages\/10\" data-token=\"7da14103c9a483a77acd5c7f918bc76a\" data-token-time=\"1777700747\"><noscript class=\"wpforms-error-noscript\">Veuillez activer JavaScript dans votre navigateur pour remplir ce formulaire.<\/noscript><div class=\"wpforms-field-container\"><div id=\"wpforms-236-field_0-container\" class=\"wpforms-field wpforms-field-name\" data-field-id=\"0\"><label class=\"wpforms-field-label\">Nom <span class=\"wpforms-required-label\">*<\/span><\/label><div class=\"wpforms-field-row wpforms-field-medium\"><div class=\"wpforms-field-row-block wpforms-first wpforms-one-half\"><input type=\"text\" id=\"wpforms-236-field_0\" class=\"wpforms-field-name-first wpforms-field-required\" name=\"wpforms[fields][0][first]\" required><label for=\"wpforms-236-field_0\" class=\"wpforms-field-sublabel after\">Pr\u00e9nom<\/label><\/div><div class=\"wpforms-field-row-block wpforms-one-half\"><input type=\"text\" id=\"wpforms-236-field_0-last\" class=\"wpforms-field-name-last wpforms-field-required\" name=\"wpforms[fields][0][last]\" required><label for=\"wpforms-236-field_0-last\" class=\"wpforms-field-sublabel after\">Nom<\/label><\/div><\/div><\/div><div id=\"wpforms-236-field_1-container\" class=\"wpforms-field wpforms-field-email\" data-field-id=\"1\"><label class=\"wpforms-field-label\" for=\"wpforms-236-field_1\">E-mail <span class=\"wpforms-required-label\">*<\/span><\/label><input type=\"email\" id=\"wpforms-236-field_1\" class=\"wpforms-field-medium wpforms-field-required\" name=\"wpforms[fields][1]\" spellcheck=\"false\" required><\/div><div id=\"wpforms-236-field_2-container\" class=\"wpforms-field wpforms-field-textarea\" data-field-id=\"2\"><label class=\"wpforms-field-label\" for=\"wpforms-236-field_2\">Commentaire ou message <span class=\"wpforms-required-label\">*<\/span><\/label><textarea id=\"wpforms-236-field_2\" class=\"wpforms-field-medium wpforms-field-required\" name=\"wpforms[fields][2]\" required><\/textarea><\/div><\/div><!-- .wpforms-field-container --><div class=\"wpforms-field wpforms-field-hp\"><label for=\"wpforms-236-field-hp\" class=\"wpforms-field-label\">Email<\/label><input type=\"text\" name=\"wpforms[hp]\" id=\"wpforms-236-field-hp\" class=\"wpforms-field-medium\"><\/div><div class=\"wpforms-submit-container\" ><input type=\"hidden\" name=\"wpforms[id]\" value=\"236\"><input type=\"hidden\" name=\"page_title\" value=\"\"><input type=\"hidden\" name=\"page_url\" value=\"https:\/\/leschevaux.be\/index.php\/wp-json\/wp\/v2\/pages\/10\"><input type=\"hidden\" name=\"url_referer\" value=\"\"><button type=\"submit\" name=\"wpforms[submit]\" id=\"wpforms-submit-236\" class=\"wpforms-submit\" data-alt-text=\"Envoi...\" data-submit-text=\"Envoyer\" aria-live=\"assertive\" value=\"wpforms-submit\">Envoyer<\/button><\/div><\/form><\/div>  <!-- .wpforms-container -->\n","protected":false},"excerpt":{"rendered":"<p>Anouchka Bednarek CoachingHautgn\u00e9 50 &#8211; 4140 SprimontWhat&rsquo;sapp : 0498\/15.96.74Mail\u00a0: abcasbl@abcoach.beBE [&hellip;]<\/p>\n","protected":false},"author":1,"featured_media":0,"parent":0,"menu_order":0,"comment_status":"closed","ping_status":"closed","template":"","meta":{"footnotes":""},"class_list":["post-10","page","type-page","status-publish","hentry"],"yoast_head":"<!-- This site is optimized with the Yoast SEO plugin v27.5 - https:\/\/yoast.com\/product\/yoast-seo-wordpress\/ -->\n<title>INFOS - Anouchka Bednarek Coaching - ABC asbl<\/title>\n<meta name=\"description\" content=\"Prendre des renseignements coaching de vie equestre, cours d&#039;\u00e9quitation, stages, travail au sol, travail mont\u00e9, ethologie \u00e9quine, \u00e9ducation des chevaux, poneys, adresse, ecoranch\" \/>\n<meta name=\"robots\" content=\"index, follow, max-snippet:-1, max-image-preview:large, max-video-preview:-1\" \/>\n<link rel=\"canonical\" href=\"https:\/\/leschevaux.be\/index.php\/contact\/\" \/>\n<meta property=\"og:locale\" content=\"fr_FR\" \/>\n<meta property=\"og:type\" content=\"article\" \/>\n<meta property=\"og:title\" content=\"INFOS - Anouchka Bednarek Coaching - ABC asbl\" \/>\n<meta property=\"og:description\" content=\"Prendre des renseignements coaching de vie equestre, cours d&#039;\u00e9quitation, stages, travail au sol, travail mont\u00e9, ethologie \u00e9quine, \u00e9ducation des chevaux, poneys, adresse, ecoranch\" \/>\n<meta property=\"og:url\" content=\"https:\/\/leschevaux.be\/index.php\/contact\/\" \/>\n<meta property=\"og:site_name\" content=\"Anouchka Bednarek Coaching - ABC asbl\" \/>\n<meta property=\"article:modified_time\" content=\"2025-02-10T16:09:24+00:00\" \/>\n<meta property=\"og:image\" content=\"https:\/\/leschevaux.be\/wp-content\/uploads\/2022\/01\/Zones-ecoranch-150x150.jpg\" \/>\n<meta name=\"twitter:card\" content=\"summary_large_image\" \/>\n<meta name=\"twitter:label1\" content=\"Dur\u00e9e de lecture estim\u00e9e\" \/>\n\t<meta name=\"twitter:data1\" content=\"1 minute\" \/>\n<script type=\"application\/ld+json\" class=\"yoast-schema-graph\">{\"@context\":\"https:\\\/\\\/schema.org\",\"@graph\":[{\"@type\":\"WebPage\",\"@id\":\"https:\\\/\\\/leschevaux.be\\\/index.php\\\/contact\\\/\",\"url\":\"https:\\\/\\\/leschevaux.be\\\/index.php\\\/contact\\\/\",\"name\":\"INFOS - Anouchka Bednarek Coaching - ABC asbl\",\"isPartOf\":{\"@id\":\"https:\\\/\\\/leschevaux.be\\\/#website\"},\"datePublished\":\"2019-07-09T12:15:12+00:00\",\"dateModified\":\"2025-02-10T16:09:24+00:00\",\"description\":\"Prendre des renseignements coaching de vie equestre, cours d'\u00e9quitation, stages, travail au sol, travail mont\u00e9, ethologie \u00e9quine, \u00e9ducation des chevaux, poneys, adresse, ecoranch\",\"breadcrumb\":{\"@id\":\"https:\\\/\\\/leschevaux.be\\\/index.php\\\/contact\\\/#breadcrumb\"},\"inLanguage\":\"fr-FR\",\"potentialAction\":[{\"@type\":\"ReadAction\",\"target\":[\"https:\\\/\\\/leschevaux.be\\\/index.php\\\/contact\\\/\"]}]},{\"@type\":\"BreadcrumbList\",\"@id\":\"https:\\\/\\\/leschevaux.be\\\/index.php\\\/contact\\\/#breadcrumb\",\"itemListElement\":[{\"@type\":\"ListItem\",\"position\":1,\"name\":\"Accueil\",\"item\":\"https:\\\/\\\/leschevaux.be\\\/\"},{\"@type\":\"ListItem\",\"position\":2,\"name\":\"INFOS\"}]},{\"@type\":\"WebSite\",\"@id\":\"https:\\\/\\\/leschevaux.be\\\/#website\",\"url\":\"https:\\\/\\\/leschevaux.be\\\/\",\"name\":\"Anouchka Bednarek Coaching - ABC asbl\",\"description\":\"Horses Lovers Army- Slow equine education\",\"publisher\":{\"@id\":\"https:\\\/\\\/leschevaux.be\\\/#organization\"},\"potentialAction\":[{\"@type\":\"SearchAction\",\"target\":{\"@type\":\"EntryPoint\",\"urlTemplate\":\"https:\\\/\\\/leschevaux.be\\\/?s={search_term_string}\"},\"query-input\":{\"@type\":\"PropertyValueSpecification\",\"valueRequired\":true,\"valueName\":\"search_term_string\"}}],\"inLanguage\":\"fr-FR\"},{\"@type\":\"Organization\",\"@id\":\"https:\\\/\\\/leschevaux.be\\\/#organization\",\"name\":\"Anouchka Bednarek Coaching - ABC asbl\",\"url\":\"https:\\\/\\\/leschevaux.be\\\/\",\"logo\":{\"@type\":\"ImageObject\",\"inLanguage\":\"fr-FR\",\"@id\":\"https:\\\/\\\/leschevaux.be\\\/#\\\/schema\\\/logo\\\/image\\\/\",\"url\":\"https:\\\/\\\/leschevaux.be\\\/wp-content\\\/uploads\\\/2025\\\/06\\\/logos-abc-4-good-horses-etc-1-scaled.png\",\"contentUrl\":\"https:\\\/\\\/leschevaux.be\\\/wp-content\\\/uploads\\\/2025\\\/06\\\/logos-abc-4-good-horses-etc-1-scaled.png\",\"width\":2560,\"height\":959,\"caption\":\"Anouchka Bednarek Coaching - ABC asbl\"},\"image\":{\"@id\":\"https:\\\/\\\/leschevaux.be\\\/#\\\/schema\\\/logo\\\/image\\\/\"}}]}<\/script>\n<!-- \/ Yoast SEO plugin. -->","yoast_head_json":{"title":"INFOS - Anouchka Bednarek Coaching - ABC asbl","description":"Prendre des renseignements coaching de vie equestre, cours d'\u00e9quitation, stages, travail au sol, travail mont\u00e9, ethologie \u00e9quine, \u00e9ducation des chevaux, poneys, adresse, ecoranch","robots":{"index":"index","follow":"follow","max-snippet":"max-snippet:-1","max-image-preview":"max-image-preview:large","max-video-preview":"max-video-preview:-1"},"canonical":"https:\/\/leschevaux.be\/index.php\/contact\/","og_locale":"fr_FR","og_type":"article","og_title":"INFOS - Anouchka Bednarek Coaching - ABC asbl","og_description":"Prendre des renseignements coaching de vie equestre, cours d'\u00e9quitation, stages, travail au sol, travail mont\u00e9, ethologie \u00e9quine, \u00e9ducation des chevaux, poneys, adresse, ecoranch","og_url":"https:\/\/leschevaux.be\/index.php\/contact\/","og_site_name":"Anouchka Bednarek Coaching - ABC asbl","article_modified_time":"2025-02-10T16:09:24+00:00","og_image":[{"url":"https:\/\/leschevaux.be\/wp-content\/uploads\/2022\/01\/Zones-ecoranch-150x150.jpg","type":"","width":"","height":""}],"twitter_card":"summary_large_image","twitter_misc":{"Dur\u00e9e de lecture estim\u00e9e":"1 minute"},"schema":{"@context":"https:\/\/schema.org","@graph":[{"@type":"WebPage","@id":"https:\/\/leschevaux.be\/index.php\/contact\/","url":"https:\/\/leschevaux.be\/index.php\/contact\/","name":"INFOS - Anouchka Bednarek Coaching - ABC asbl","isPartOf":{"@id":"https:\/\/leschevaux.be\/#website"},"datePublished":"2019-07-09T12:15:12+00:00","dateModified":"2025-02-10T16:09:24+00:00","description":"Prendre des renseignements coaching de vie equestre, cours d'\u00e9quitation, stages, travail au sol, travail mont\u00e9, ethologie \u00e9quine, \u00e9ducation des chevaux, poneys, adresse, ecoranch","breadcrumb":{"@id":"https:\/\/leschevaux.be\/index.php\/contact\/#breadcrumb"},"inLanguage":"fr-FR","potentialAction":[{"@type":"ReadAction","target":["https:\/\/leschevaux.be\/index.php\/contact\/"]}]},{"@type":"BreadcrumbList","@id":"https:\/\/leschevaux.be\/index.php\/contact\/#breadcrumb","itemListElement":[{"@type":"ListItem","position":1,"name":"Accueil","item":"https:\/\/leschevaux.be\/"},{"@type":"ListItem","position":2,"name":"INFOS"}]},{"@type":"WebSite","@id":"https:\/\/leschevaux.be\/#website","url":"https:\/\/leschevaux.be\/","name":"Anouchka Bednarek Coaching - ABC asbl","description":"Horses Lovers Army- Slow equine education","publisher":{"@id":"https:\/\/leschevaux.be\/#organization"},"potentialAction":[{"@type":"SearchAction","target":{"@type":"EntryPoint","urlTemplate":"https:\/\/leschevaux.be\/?s={search_term_string}"},"query-input":{"@type":"PropertyValueSpecification","valueRequired":true,"valueName":"search_term_string"}}],"inLanguage":"fr-FR"},{"@type":"Organization","@id":"https:\/\/leschevaux.be\/#organization","name":"Anouchka Bednarek Coaching - ABC asbl","url":"https:\/\/leschevaux.be\/","logo":{"@type":"ImageObject","inLanguage":"fr-FR","@id":"https:\/\/leschevaux.be\/#\/schema\/logo\/image\/","url":"https:\/\/leschevaux.be\/wp-content\/uploads\/2025\/06\/logos-abc-4-good-horses-etc-1-scaled.png","contentUrl":"https:\/\/leschevaux.be\/wp-content\/uploads\/2025\/06\/logos-abc-4-good-horses-etc-1-scaled.png","width":2560,"height":959,"caption":"Anouchka Bednarek Coaching - ABC asbl"},"image":{"@id":"https:\/\/leschevaux.be\/#\/schema\/logo\/image\/"}}]}},"_links":{"self":[{"href":"https:\/\/leschevaux.be\/index.php\/wp-json\/wp\/v2\/pages\/10","targetHints":{"allow":["GET"]}}],"collection":[{"href":"https:\/\/leschevaux.be\/index.php\/wp-json\/wp\/v2\/pages"}],"about":[{"href":"https:\/\/leschevaux.be\/index.php\/wp-json\/wp\/v2\/types\/page"}],"author":[{"embeddable":true,"href":"https:\/\/leschevaux.be\/index.php\/wp-json\/wp\/v2\/users\/1"}],"replies":[{"embeddable":true,"href":"https:\/\/leschevaux.be\/index.php\/wp-json\/wp\/v2\/comments?post=10"}],"version-history":[{"count":20,"href":"https:\/\/leschevaux.be\/index.php\/wp-json\/wp\/v2\/pages\/10\/revisions"}],"predecessor-version":[{"id":4454,"href":"https:\/\/leschevaux.be\/index.php\/wp-json\/wp\/v2\/pages\/10\/revisions\/4454"}],"wp:attachment":[{"href":"https:\/\/leschevaux.be\/index.php\/wp-json\/wp\/v2\/media?parent=10"}],"curies":[{"name":"wp","href":"https:\/\/api.w.org\/{rel}","templated":true}]}}