{"id":3211,"date":"2019-09-20T09:14:55","date_gmt":"2019-09-20T07:14:55","guid":{"rendered":"http:\/\/leschevaux.be\/?page_id=3211"},"modified":"2019-12-14T12:49:14","modified_gmt":"2019-12-14T11:49:14","slug":"equitruck-cours-stages-equitation","status":"publish","type":"page","link":"https:\/\/leschevaux.be\/index.php\/equitruck-cours-stages-equitation\/","title":{"rendered":"Chez vous : cours et stages"},"content":{"rendered":"\n<figure class=\"wp-block-image size-large\"><img fetchpriority=\"high\" decoding=\"async\" width=\"724\" height=\"1024\" src=\"http:\/\/leschevaux.be\/wp-content\/uploads\/2019\/12\/offre-de-services-2-724x1024.jpg\" alt=\"\" class=\"wp-image-3257\" srcset=\"https:\/\/leschevaux.be\/wp-content\/uploads\/2019\/12\/offre-de-services-2-724x1024.jpg 724w, https:\/\/leschevaux.be\/wp-content\/uploads\/2019\/12\/offre-de-services-2-600x849.jpg 600w, https:\/\/leschevaux.be\/wp-content\/uploads\/2019\/12\/offre-de-services-2-212x300.jpg 212w, https:\/\/leschevaux.be\/wp-content\/uploads\/2019\/12\/offre-de-services-2-768x1086.jpg 768w, https:\/\/leschevaux.be\/wp-content\/uploads\/2019\/12\/offre-de-services-2-1086x1536.jpg 1086w, https:\/\/leschevaux.be\/wp-content\/uploads\/2019\/12\/offre-de-services-2-400x566.jpg 400w, https:\/\/leschevaux.be\/wp-content\/uploads\/2019\/12\/offre-de-services-2.jpg 1414w\" sizes=\"(max-width: 724px) 100vw, 724px\" \/><\/figure>\n\n\n\n<h2 class=\"wp-block-heading\">Equitruck (c) &#8211; Le Poney-Club Mobile<\/h2>\n\n\n\n<div class=\"wp-block-themeisle-blocks-advanced-columns has-1-columns has-desktop-equal-layout has-tablet-equal-layout has-mobile-equal-layout has-default-gap has-vertical-unset\" id=\"wp-block-themeisle-blocks-advanced-columns-2b3f3db8\" style=\"border-width:0px;border-style:solid;border-color:#000000;border-radius:0px;justify-content:unset\"><div class=\"wp-themeisle-block-overlay\" style=\"opacity:0.5;mix-blend-mode:normal\"><\/div><div class=\"innerblocks-wrap\">\n<div class=\"wp-block-themeisle-blocks-advanced-column\" id=\"wp-block-themeisle-blocks-advanced-column-bfe53ebc\" style=\"border-width:0px;border-style:solid;border-color:#000000;border-radius:0px\">\n<p><strong>Le principe<\/strong> : nous nous d\u00e9pla\u00e7ons chez vous, dans votre \u00e9cole, dans votre centre sportif, dans votre club, avec notre mat\u00e9riel et \u00e9ventuellement, nos poneys<\/p>\n\n\n\n<p><strong>Scolaires<\/strong> : Modules de 1 \u00e0 8 s\u00e9ances avec support p\u00e9dagogique\/ groupe d&rsquo;\u00e2ge.   Parcours de psychomotricit\u00e9 au sol et mont\u00e9, espace sensoriel, d\u00e9veloppement de comp\u00e9tences transversales. <br>Public  : enfants de 2.5 ans \u00e0 8-9 ans. Ouvert aux \u00e9coles sp\u00e9ciales.<\/p>\n\n\n\n<p>Pour les cours enfants\/adultes \u00e0 besoins diff\u00e9renci\u00e9s, le coaching, le travail au sol : nos poneys peuvent faire partie de votre aventure.  <\/p>\n\n\n\n<p>Pour les <strong>cours\/stages adultes<\/strong> &#8211; western\/classique, maniabilit\u00e9, remise en confiance, travail au sol, \u00e9ducation, bilan g\u00e9n\u00e9ral et sp\u00e9cifique, bien-\u00eatre \u00e9quin &#8230; &#8211; nous travaillons avec les animaux dont vous \u00eates responsables. <\/p>\n\n\n\n<p>Les cours se d\u00e9roulent en journ\u00e9e, en semaine (sauf mercredi) et le samedi. Le calendrier des r\u00e9servations est ouvert pour 2020.<br>N&rsquo;h\u00e9sitez pas \u00e0 nous contacter !<\/p>\n\n\n\n<p>NB : Nos partenaires \u00e9quins ne sont pas \u00e0 louer pour des animations festives,  nous NE faisons PAS : fancy-fair, kermesses, anniversaires &#8230;<\/p>\n<\/div>\n<\/div><\/div>\n","protected":false},"excerpt":{"rendered":"<p>Equitruck (c) &#8211; Le Poney-Club Mobile<\/p>\n","protected":false},"author":1,"featured_media":0,"parent":0,"menu_order":0,"comment_status":"closed","ping_status":"closed","template":"","meta":{"footnotes":""},"class_list":["post-3211","page","type-page","status-publish","hentry"],"yoast_head":"<!-- This site is optimized with the Yoast SEO plugin v27.5 - https:\/\/yoast.com\/product\/yoast-seo-wordpress\/ -->\n<title>Chez vous : cours et stages - Anouchka Bednarek Coaching - ABC asbl<\/title>\n<meta name=\"robots\" content=\"index, follow, max-snippet:-1, max-image-preview:large, max-video-preview:-1\" \/>\n<link rel=\"canonical\" href=\"https:\/\/leschevaux.be\/index.php\/equitruck-cours-stages-equitation\/\" \/>\n<meta property=\"og:locale\" content=\"fr_FR\" \/>\n<meta property=\"og:type\" content=\"article\" \/>\n<meta property=\"og:title\" content=\"Chez vous : cours et stages - Anouchka Bednarek Coaching - ABC asbl\" \/>\n<meta property=\"og:description\" content=\"Equitruck (c) &#8211; Le Poney-Club Mobile\" \/>\n<meta property=\"og:url\" content=\"https:\/\/leschevaux.be\/index.php\/equitruck-cours-stages-equitation\/\" \/>\n<meta property=\"og:site_name\" content=\"Anouchka Bednarek Coaching - ABC asbl\" \/>\n<meta property=\"article:modified_time\" content=\"2019-12-14T11:49:14+00:00\" \/>\n<meta property=\"og:image\" content=\"http:\/\/leschevaux.be\/wp-content\/uploads\/2019\/12\/offre-de-services-2-724x1024.jpg\" \/>\n<meta name=\"twitter:card\" content=\"summary_large_image\" \/>\n<meta name=\"twitter:label1\" content=\"Dur\u00e9e de lecture estim\u00e9e\" \/>\n\t<meta name=\"twitter:data1\" content=\"1 minute\" \/>\n<script type=\"application\/ld+json\" class=\"yoast-schema-graph\">{\"@context\":\"https:\\\/\\\/schema.org\",\"@graph\":[{\"@type\":\"WebPage\",\"@id\":\"https:\\\/\\\/leschevaux.be\\\/index.php\\\/equitruck-cours-stages-equitation\\\/\",\"url\":\"https:\\\/\\\/leschevaux.be\\\/index.php\\\/equitruck-cours-stages-equitation\\\/\",\"name\":\"Chez vous : cours et stages - Anouchka Bednarek Coaching - ABC asbl\",\"isPartOf\":{\"@id\":\"https:\\\/\\\/leschevaux.be\\\/#website\"},\"primaryImageOfPage\":{\"@id\":\"https:\\\/\\\/leschevaux.be\\\/index.php\\\/equitruck-cours-stages-equitation\\\/#primaryimage\"},\"image\":{\"@id\":\"https:\\\/\\\/leschevaux.be\\\/index.php\\\/equitruck-cours-stages-equitation\\\/#primaryimage\"},\"thumbnailUrl\":\"http:\\\/\\\/leschevaux.be\\\/wp-content\\\/uploads\\\/2019\\\/12\\\/offre-de-services-2-724x1024.jpg\",\"datePublished\":\"2019-09-20T07:14:55+00:00\",\"dateModified\":\"2019-12-14T11:49:14+00:00\",\"breadcrumb\":{\"@id\":\"https:\\\/\\\/leschevaux.be\\\/index.php\\\/equitruck-cours-stages-equitation\\\/#breadcrumb\"},\"inLanguage\":\"fr-FR\",\"potentialAction\":[{\"@type\":\"ReadAction\",\"target\":[\"https:\\\/\\\/leschevaux.be\\\/index.php\\\/equitruck-cours-stages-equitation\\\/\"]}]},{\"@type\":\"ImageObject\",\"inLanguage\":\"fr-FR\",\"@id\":\"https:\\\/\\\/leschevaux.be\\\/index.php\\\/equitruck-cours-stages-equitation\\\/#primaryimage\",\"url\":\"http:\\\/\\\/leschevaux.be\\\/wp-content\\\/uploads\\\/2019\\\/12\\\/offre-de-services-2-724x1024.jpg\",\"contentUrl\":\"http:\\\/\\\/leschevaux.be\\\/wp-content\\\/uploads\\\/2019\\\/12\\\/offre-de-services-2-724x1024.jpg\"},{\"@type\":\"BreadcrumbList\",\"@id\":\"https:\\\/\\\/leschevaux.be\\\/index.php\\\/equitruck-cours-stages-equitation\\\/#breadcrumb\",\"itemListElement\":[{\"@type\":\"ListItem\",\"position\":1,\"name\":\"Accueil\",\"item\":\"https:\\\/\\\/leschevaux.be\\\/\"},{\"@type\":\"ListItem\",\"position\":2,\"name\":\"Chez vous : cours et stages\"}]},{\"@type\":\"WebSite\",\"@id\":\"https:\\\/\\\/leschevaux.be\\\/#website\",\"url\":\"https:\\\/\\\/leschevaux.be\\\/\",\"name\":\"Anouchka Bednarek Coaching - ABC asbl\",\"description\":\"Horses Lovers Army- Slow equine education\",\"publisher\":{\"@id\":\"https:\\\/\\\/leschevaux.be\\\/#organization\"},\"potentialAction\":[{\"@type\":\"SearchAction\",\"target\":{\"@type\":\"EntryPoint\",\"urlTemplate\":\"https:\\\/\\\/leschevaux.be\\\/?s={search_term_string}\"},\"query-input\":{\"@type\":\"PropertyValueSpecification\",\"valueRequired\":true,\"valueName\":\"search_term_string\"}}],\"inLanguage\":\"fr-FR\"},{\"@type\":\"Organization\",\"@id\":\"https:\\\/\\\/leschevaux.be\\\/#organization\",\"name\":\"Anouchka Bednarek Coaching - ABC asbl\",\"url\":\"https:\\\/\\\/leschevaux.be\\\/\",\"logo\":{\"@type\":\"ImageObject\",\"inLanguage\":\"fr-FR\",\"@id\":\"https:\\\/\\\/leschevaux.be\\\/#\\\/schema\\\/logo\\\/image\\\/\",\"url\":\"https:\\\/\\\/leschevaux.be\\\/wp-content\\\/uploads\\\/2025\\\/06\\\/logos-abc-4-good-horses-etc-1-scaled.png\",\"contentUrl\":\"https:\\\/\\\/leschevaux.be\\\/wp-content\\\/uploads\\\/2025\\\/06\\\/logos-abc-4-good-horses-etc-1-scaled.png\",\"width\":2560,\"height\":959,\"caption\":\"Anouchka Bednarek Coaching - ABC asbl\"},\"image\":{\"@id\":\"https:\\\/\\\/leschevaux.be\\\/#\\\/schema\\\/logo\\\/image\\\/\"}}]}<\/script>\n<!-- \/ Yoast SEO plugin. -->","yoast_head_json":{"title":"Chez vous : cours et stages - Anouchka Bednarek Coaching - ABC asbl","robots":{"index":"index","follow":"follow","max-snippet":"max-snippet:-1","max-image-preview":"max-image-preview:large","max-video-preview":"max-video-preview:-1"},"canonical":"https:\/\/leschevaux.be\/index.php\/equitruck-cours-stages-equitation\/","og_locale":"fr_FR","og_type":"article","og_title":"Chez vous : cours et stages - Anouchka Bednarek Coaching - ABC asbl","og_description":"Equitruck (c) &#8211; Le Poney-Club Mobile","og_url":"https:\/\/leschevaux.be\/index.php\/equitruck-cours-stages-equitation\/","og_site_name":"Anouchka Bednarek Coaching - ABC asbl","article_modified_time":"2019-12-14T11:49:14+00:00","og_image":[{"url":"http:\/\/leschevaux.be\/wp-content\/uploads\/2019\/12\/offre-de-services-2-724x1024.jpg","type":"","width":"","height":""}],"twitter_card":"summary_large_image","twitter_misc":{"Dur\u00e9e de lecture estim\u00e9e":"1 minute"},"schema":{"@context":"https:\/\/schema.org","@graph":[{"@type":"WebPage","@id":"https:\/\/leschevaux.be\/index.php\/equitruck-cours-stages-equitation\/","url":"https:\/\/leschevaux.be\/index.php\/equitruck-cours-stages-equitation\/","name":"Chez vous : cours et stages - Anouchka Bednarek Coaching - ABC asbl","isPartOf":{"@id":"https:\/\/leschevaux.be\/#website"},"primaryImageOfPage":{"@id":"https:\/\/leschevaux.be\/index.php\/equitruck-cours-stages-equitation\/#primaryimage"},"image":{"@id":"https:\/\/leschevaux.be\/index.php\/equitruck-cours-stages-equitation\/#primaryimage"},"thumbnailUrl":"http:\/\/leschevaux.be\/wp-content\/uploads\/2019\/12\/offre-de-services-2-724x1024.jpg","datePublished":"2019-09-20T07:14:55+00:00","dateModified":"2019-12-14T11:49:14+00:00","breadcrumb":{"@id":"https:\/\/leschevaux.be\/index.php\/equitruck-cours-stages-equitation\/#breadcrumb"},"inLanguage":"fr-FR","potentialAction":[{"@type":"ReadAction","target":["https:\/\/leschevaux.be\/index.php\/equitruck-cours-stages-equitation\/"]}]},{"@type":"ImageObject","inLanguage":"fr-FR","@id":"https:\/\/leschevaux.be\/index.php\/equitruck-cours-stages-equitation\/#primaryimage","url":"http:\/\/leschevaux.be\/wp-content\/uploads\/2019\/12\/offre-de-services-2-724x1024.jpg","contentUrl":"http:\/\/leschevaux.be\/wp-content\/uploads\/2019\/12\/offre-de-services-2-724x1024.jpg"},{"@type":"BreadcrumbList","@id":"https:\/\/leschevaux.be\/index.php\/equitruck-cours-stages-equitation\/#breadcrumb","itemListElement":[{"@type":"ListItem","position":1,"name":"Accueil","item":"https:\/\/leschevaux.be\/"},{"@type":"ListItem","position":2,"name":"Chez vous : cours et stages"}]},{"@type":"WebSite","@id":"https:\/\/leschevaux.be\/#website","url":"https:\/\/leschevaux.be\/","name":"Anouchka Bednarek Coaching - ABC asbl","description":"Horses Lovers Army- Slow equine education","publisher":{"@id":"https:\/\/leschevaux.be\/#organization"},"potentialAction":[{"@type":"SearchAction","target":{"@type":"EntryPoint","urlTemplate":"https:\/\/leschevaux.be\/?s={search_term_string}"},"query-input":{"@type":"PropertyValueSpecification","valueRequired":true,"valueName":"search_term_string"}}],"inLanguage":"fr-FR"},{"@type":"Organization","@id":"https:\/\/leschevaux.be\/#organization","name":"Anouchka Bednarek Coaching - ABC asbl","url":"https:\/\/leschevaux.be\/","logo":{"@type":"ImageObject","inLanguage":"fr-FR","@id":"https:\/\/leschevaux.be\/#\/schema\/logo\/image\/","url":"https:\/\/leschevaux.be\/wp-content\/uploads\/2025\/06\/logos-abc-4-good-horses-etc-1-scaled.png","contentUrl":"https:\/\/leschevaux.be\/wp-content\/uploads\/2025\/06\/logos-abc-4-good-horses-etc-1-scaled.png","width":2560,"height":959,"caption":"Anouchka Bednarek Coaching - ABC asbl"},"image":{"@id":"https:\/\/leschevaux.be\/#\/schema\/logo\/image\/"}}]}},"_links":{"self":[{"href":"https:\/\/leschevaux.be\/index.php\/wp-json\/wp\/v2\/pages\/3211","targetHints":{"allow":["GET"]}}],"collection":[{"href":"https:\/\/leschevaux.be\/index.php\/wp-json\/wp\/v2\/pages"}],"about":[{"href":"https:\/\/leschevaux.be\/index.php\/wp-json\/wp\/v2\/types\/page"}],"author":[{"embeddable":true,"href":"https:\/\/leschevaux.be\/index.php\/wp-json\/wp\/v2\/users\/1"}],"replies":[{"embeddable":true,"href":"https:\/\/leschevaux.be\/index.php\/wp-json\/wp\/v2\/comments?post=3211"}],"version-history":[{"count":3,"href":"https:\/\/leschevaux.be\/index.php\/wp-json\/wp\/v2\/pages\/3211\/revisions"}],"predecessor-version":[{"id":3259,"href":"https:\/\/leschevaux.be\/index.php\/wp-json\/wp\/v2\/pages\/3211\/revisions\/3259"}],"wp:attachment":[{"href":"https:\/\/leschevaux.be\/index.php\/wp-json\/wp\/v2\/media?parent=3211"}],"curies":[{"name":"wp","href":"https:\/\/api.w.org\/{rel}","templated":true}]}}