{"id":3334,"date":"2020-02-02T22:32:37","date_gmt":"2020-02-02T21:32:37","guid":{"rendered":"http:\/\/leschevaux.be\/?page_id=3334"},"modified":"2020-02-03T22:09:49","modified_gmt":"2020-02-03T21:09:49","slug":"adultes-ados","status":"publish","type":"page","link":"https:\/\/leschevaux.be\/index.php\/adultes-ados\/","title":{"rendered":"Adultes\/Ados"},"content":{"rendered":"\n<p class=\"has-background has-very-light-gray-background-color\">L&rsquo;\u00e9quitation western est une \u00e9quitation \u00ab\u00a0plaisir et complicit\u00e9 avec le cheval\u00a0\u00bb. Issue de l&rsquo;\u00e9quitation de travail, elle est d&rsquo;abord ais\u00e9 et de pratique s\u00e9curitaire.  Elle convient particuli\u00e8rement aux personnes qui souhaitent axer leur apprentissage sur la connaissance des chevaux et la relation avec eux. <br>Une fois familiaris\u00e9(e) avec les aides (moyens de communication) de base, vous vous prendrez vite au jeu de la technique et de la finesse, dans des disciplines comme le trail, le trail-in-hand, le showmanship. <br><br>Nous consacrons une part de nos cours au travail au sol.<br>L&rsquo;ambiance est chaleureuse et ludique. Nos chevaux sont en bonne sant\u00e9, bien \u00e9duqu\u00e9s et vivent selon les besoins de leur esp\u00e8ce.<\/p>\n\n\n\n<p><br>Nous vous proposons des cours particuliers et de groupe de :<\/p>\n\n\n\n<ul class=\"wp-block-list\"><li>Travail \u00e0 pieds : trail-in-hand, showmanship, longe, longues-r\u00eanes<\/li><li>Travail mont\u00e9 : trail, horsemanship, \u00e9quitation d&rsquo;ext\u00e9rieur et physiologique<\/li><li>Coachings<\/li><li>Modules de formation \u00e0 th\u00e8mes<\/li><li>Cours handisports \/ \u00e9quitation adapt\u00e9e western <\/li><\/ul>\n\n\n\n<p>Nos cours sont ouverts \u00e0 tous, quelque soit votre culture \u00e9questre, pour peu que vous ayez le d\u00e9sir de vivre un moment heureux parmi nous et avec nos chevaux, d\u00e8s 12 ans.  Nous essayons d&rsquo;harmoniser les groupes en fonction des objectifs et affinit\u00e9s. <\/p>\n","protected":false},"excerpt":{"rendered":"<p>L&rsquo;\u00e9quitation western est une \u00e9quitation \u00ab\u00a0plaisir et complicit\u00e9 avec le [&hellip;]<\/p>\n","protected":false},"author":1,"featured_media":0,"parent":0,"menu_order":0,"comment_status":"closed","ping_status":"closed","template":"","meta":{"footnotes":""},"class_list":["post-3334","page","type-page","status-publish","hentry"],"yoast_head":"<!-- This site is optimized with the Yoast SEO plugin v27.5 - https:\/\/yoast.com\/product\/yoast-seo-wordpress\/ -->\n<title>Adultes\/Ados - Anouchka Bednarek Coaching - ABC asbl<\/title>\n<meta name=\"description\" content=\"Cours d&#039;\u00e9quitation western pour adultes et ados, sur chevaux bien \u00e9duqu\u00e9s et gentils. Cours de travail au sol, trail in hand, showmanship, trail, horsmanship, longe, longues r\u00eanes.\" \/>\n<meta name=\"robots\" content=\"index, follow, max-snippet:-1, max-image-preview:large, max-video-preview:-1\" \/>\n<link rel=\"canonical\" href=\"https:\/\/leschevaux.be\/index.php\/adultes-ados\/\" \/>\n<meta property=\"og:locale\" content=\"fr_FR\" \/>\n<meta property=\"og:type\" content=\"article\" \/>\n<meta property=\"og:title\" content=\"Adultes\/Ados - Anouchka Bednarek Coaching - ABC asbl\" \/>\n<meta property=\"og:description\" content=\"Cours d&#039;\u00e9quitation western pour adultes et ados, sur chevaux bien \u00e9duqu\u00e9s et gentils. Cours de travail au sol, trail in hand, showmanship, trail, horsmanship, longe, longues r\u00eanes.\" \/>\n<meta property=\"og:url\" content=\"https:\/\/leschevaux.be\/index.php\/adultes-ados\/\" \/>\n<meta property=\"og:site_name\" content=\"Anouchka Bednarek Coaching - ABC asbl\" \/>\n<meta property=\"article:modified_time\" content=\"2020-02-03T21:09:49+00:00\" \/>\n<meta name=\"twitter:card\" content=\"summary_large_image\" \/>\n<meta name=\"twitter:label1\" content=\"Dur\u00e9e de lecture estim\u00e9e\" \/>\n\t<meta name=\"twitter:data1\" content=\"1 minute\" \/>\n<script type=\"application\/ld+json\" class=\"yoast-schema-graph\">{\"@context\":\"https:\\\/\\\/schema.org\",\"@graph\":[{\"@type\":\"WebPage\",\"@id\":\"https:\\\/\\\/leschevaux.be\\\/index.php\\\/adultes-ados\\\/\",\"url\":\"https:\\\/\\\/leschevaux.be\\\/index.php\\\/adultes-ados\\\/\",\"name\":\"Adultes\\\/Ados - Anouchka Bednarek Coaching - ABC asbl\",\"isPartOf\":{\"@id\":\"https:\\\/\\\/leschevaux.be\\\/#website\"},\"datePublished\":\"2020-02-02T21:32:37+00:00\",\"dateModified\":\"2020-02-03T21:09:49+00:00\",\"description\":\"Cours d'\u00e9quitation western pour adultes et ados, sur chevaux bien \u00e9duqu\u00e9s et gentils. Cours de travail au sol, trail in hand, showmanship, trail, horsmanship, longe, longues r\u00eanes.\",\"breadcrumb\":{\"@id\":\"https:\\\/\\\/leschevaux.be\\\/index.php\\\/adultes-ados\\\/#breadcrumb\"},\"inLanguage\":\"fr-FR\",\"potentialAction\":[{\"@type\":\"ReadAction\",\"target\":[\"https:\\\/\\\/leschevaux.be\\\/index.php\\\/adultes-ados\\\/\"]}]},{\"@type\":\"BreadcrumbList\",\"@id\":\"https:\\\/\\\/leschevaux.be\\\/index.php\\\/adultes-ados\\\/#breadcrumb\",\"itemListElement\":[{\"@type\":\"ListItem\",\"position\":1,\"name\":\"Accueil\",\"item\":\"https:\\\/\\\/leschevaux.be\\\/\"},{\"@type\":\"ListItem\",\"position\":2,\"name\":\"Adultes\\\/Ados\"}]},{\"@type\":\"WebSite\",\"@id\":\"https:\\\/\\\/leschevaux.be\\\/#website\",\"url\":\"https:\\\/\\\/leschevaux.be\\\/\",\"name\":\"Anouchka Bednarek Coaching - ABC asbl\",\"description\":\"Horses Lovers Army- Slow equine education\",\"publisher\":{\"@id\":\"https:\\\/\\\/leschevaux.be\\\/#organization\"},\"potentialAction\":[{\"@type\":\"SearchAction\",\"target\":{\"@type\":\"EntryPoint\",\"urlTemplate\":\"https:\\\/\\\/leschevaux.be\\\/?s={search_term_string}\"},\"query-input\":{\"@type\":\"PropertyValueSpecification\",\"valueRequired\":true,\"valueName\":\"search_term_string\"}}],\"inLanguage\":\"fr-FR\"},{\"@type\":\"Organization\",\"@id\":\"https:\\\/\\\/leschevaux.be\\\/#organization\",\"name\":\"Anouchka Bednarek Coaching - ABC asbl\",\"url\":\"https:\\\/\\\/leschevaux.be\\\/\",\"logo\":{\"@type\":\"ImageObject\",\"inLanguage\":\"fr-FR\",\"@id\":\"https:\\\/\\\/leschevaux.be\\\/#\\\/schema\\\/logo\\\/image\\\/\",\"url\":\"https:\\\/\\\/leschevaux.be\\\/wp-content\\\/uploads\\\/2025\\\/06\\\/logos-abc-4-good-horses-etc-1-scaled.png\",\"contentUrl\":\"https:\\\/\\\/leschevaux.be\\\/wp-content\\\/uploads\\\/2025\\\/06\\\/logos-abc-4-good-horses-etc-1-scaled.png\",\"width\":2560,\"height\":959,\"caption\":\"Anouchka Bednarek Coaching - ABC asbl\"},\"image\":{\"@id\":\"https:\\\/\\\/leschevaux.be\\\/#\\\/schema\\\/logo\\\/image\\\/\"}}]}<\/script>\n<!-- \/ Yoast SEO plugin. -->","yoast_head_json":{"title":"Adultes\/Ados - Anouchka Bednarek Coaching - ABC asbl","description":"Cours d'\u00e9quitation western pour adultes et ados, sur chevaux bien \u00e9duqu\u00e9s et gentils. Cours de travail au sol, trail in hand, showmanship, trail, horsmanship, longe, longues r\u00eanes.","robots":{"index":"index","follow":"follow","max-snippet":"max-snippet:-1","max-image-preview":"max-image-preview:large","max-video-preview":"max-video-preview:-1"},"canonical":"https:\/\/leschevaux.be\/index.php\/adultes-ados\/","og_locale":"fr_FR","og_type":"article","og_title":"Adultes\/Ados - Anouchka Bednarek Coaching - ABC asbl","og_description":"Cours d'\u00e9quitation western pour adultes et ados, sur chevaux bien \u00e9duqu\u00e9s et gentils. Cours de travail au sol, trail in hand, showmanship, trail, horsmanship, longe, longues r\u00eanes.","og_url":"https:\/\/leschevaux.be\/index.php\/adultes-ados\/","og_site_name":"Anouchka Bednarek Coaching - ABC asbl","article_modified_time":"2020-02-03T21:09:49+00:00","twitter_card":"summary_large_image","twitter_misc":{"Dur\u00e9e de lecture estim\u00e9e":"1 minute"},"schema":{"@context":"https:\/\/schema.org","@graph":[{"@type":"WebPage","@id":"https:\/\/leschevaux.be\/index.php\/adultes-ados\/","url":"https:\/\/leschevaux.be\/index.php\/adultes-ados\/","name":"Adultes\/Ados - Anouchka Bednarek Coaching - ABC asbl","isPartOf":{"@id":"https:\/\/leschevaux.be\/#website"},"datePublished":"2020-02-02T21:32:37+00:00","dateModified":"2020-02-03T21:09:49+00:00","description":"Cours d'\u00e9quitation western pour adultes et ados, sur chevaux bien \u00e9duqu\u00e9s et gentils. Cours de travail au sol, trail in hand, showmanship, trail, horsmanship, longe, longues r\u00eanes.","breadcrumb":{"@id":"https:\/\/leschevaux.be\/index.php\/adultes-ados\/#breadcrumb"},"inLanguage":"fr-FR","potentialAction":[{"@type":"ReadAction","target":["https:\/\/leschevaux.be\/index.php\/adultes-ados\/"]}]},{"@type":"BreadcrumbList","@id":"https:\/\/leschevaux.be\/index.php\/adultes-ados\/#breadcrumb","itemListElement":[{"@type":"ListItem","position":1,"name":"Accueil","item":"https:\/\/leschevaux.be\/"},{"@type":"ListItem","position":2,"name":"Adultes\/Ados"}]},{"@type":"WebSite","@id":"https:\/\/leschevaux.be\/#website","url":"https:\/\/leschevaux.be\/","name":"Anouchka Bednarek Coaching - ABC asbl","description":"Horses Lovers Army- Slow equine education","publisher":{"@id":"https:\/\/leschevaux.be\/#organization"},"potentialAction":[{"@type":"SearchAction","target":{"@type":"EntryPoint","urlTemplate":"https:\/\/leschevaux.be\/?s={search_term_string}"},"query-input":{"@type":"PropertyValueSpecification","valueRequired":true,"valueName":"search_term_string"}}],"inLanguage":"fr-FR"},{"@type":"Organization","@id":"https:\/\/leschevaux.be\/#organization","name":"Anouchka Bednarek Coaching - ABC asbl","url":"https:\/\/leschevaux.be\/","logo":{"@type":"ImageObject","inLanguage":"fr-FR","@id":"https:\/\/leschevaux.be\/#\/schema\/logo\/image\/","url":"https:\/\/leschevaux.be\/wp-content\/uploads\/2025\/06\/logos-abc-4-good-horses-etc-1-scaled.png","contentUrl":"https:\/\/leschevaux.be\/wp-content\/uploads\/2025\/06\/logos-abc-4-good-horses-etc-1-scaled.png","width":2560,"height":959,"caption":"Anouchka Bednarek Coaching - ABC asbl"},"image":{"@id":"https:\/\/leschevaux.be\/#\/schema\/logo\/image\/"}}]}},"_links":{"self":[{"href":"https:\/\/leschevaux.be\/index.php\/wp-json\/wp\/v2\/pages\/3334","targetHints":{"allow":["GET"]}}],"collection":[{"href":"https:\/\/leschevaux.be\/index.php\/wp-json\/wp\/v2\/pages"}],"about":[{"href":"https:\/\/leschevaux.be\/index.php\/wp-json\/wp\/v2\/types\/page"}],"author":[{"embeddable":true,"href":"https:\/\/leschevaux.be\/index.php\/wp-json\/wp\/v2\/users\/1"}],"replies":[{"embeddable":true,"href":"https:\/\/leschevaux.be\/index.php\/wp-json\/wp\/v2\/comments?post=3334"}],"version-history":[{"count":2,"href":"https:\/\/leschevaux.be\/index.php\/wp-json\/wp\/v2\/pages\/3334\/revisions"}],"predecessor-version":[{"id":3366,"href":"https:\/\/leschevaux.be\/index.php\/wp-json\/wp\/v2\/pages\/3334\/revisions\/3366"}],"wp:attachment":[{"href":"https:\/\/leschevaux.be\/index.php\/wp-json\/wp\/v2\/media?parent=3334"}],"curies":[{"name":"wp","href":"https:\/\/api.w.org\/{rel}","templated":true}]}}