{"id":3363,"date":"2020-02-03T22:08:04","date_gmt":"2020-02-03T21:08:04","guid":{"rendered":"https:\/\/leschevaux.be\/?page_id=3363"},"modified":"2020-02-03T22:13:32","modified_gmt":"2020-02-03T21:13:32","slug":"travail-monte-trail-horsemanship","status":"publish","type":"page","link":"https:\/\/leschevaux.be\/index.php\/travail-monte-trail-horsemanship\/","title":{"rendered":"Travail mont\u00e9 : trail, horsemanship, \u00e9quitation physiologique, travail sur le plat et en ext\u00e9rieur"},"content":{"rendered":"\n<div class=\"wp-block-themeisle-blocks-advanced-columns has-2-columns has-desktop-equal-layout has-tablet-equal-layout has-mobile-collapsedRows-layout has-default-gap has-vertical-unset\" id=\"wp-block-themeisle-blocks-advanced-columns-2b5b63cc\" style=\"border-width:0px;border-style:solid;border-color:#000000;border-radius:0px;justify-content:unset\"><div class=\"wp-themeisle-block-overlay\" style=\"opacity:0.5;mix-blend-mode:normal\"><\/div><div class=\"innerblocks-wrap\">\n<div class=\"wp-block-themeisle-blocks-advanced-column\" id=\"wp-block-themeisle-blocks-advanced-column-462b5507\" style=\"border-width:0px;border-style:solid;border-color:#000000;border-radius:0px\">\n<p>Dans la continuit\u00e9 du travail au sol, les disciplines que nous partageons avec vous sont accessibles \u00e0 tous et peuvent se d\u00e9cliner jusqu&rsquo;\u00e0 des niveaux techniques qui enchanteront les plus exigeants. <\/p>\n\n\n\n<p>Nos chevaux sont s\u00e9curitaires et bien \u00e9duqu\u00e9s. Ils vous permettent de construire vos comp\u00e9tences de cavalier loin de la routine, avec un animal r\u00e9ceptif et respect\u00e9 dans sa personnalit\u00e9.<\/p>\n\n\n\n<p>Nous partageons avec vous les techniques d&rsquo;apprentissage destin\u00e9es aux \u00e9quins, le fonctionnement du corps du cheval en mouvement, avec ou sans cavalier (biom\u00e9canique), ses besoins \u00e9thologiques &#8230; <\/p>\n\n\n\n<p><!--EndFragment--><\/p>\n<\/div>\n\n\n\n<div class=\"wp-block-themeisle-blocks-advanced-column\" id=\"wp-block-themeisle-blocks-advanced-column-206165d0\" style=\"border-width:0px;border-style:solid;border-color:#000000;border-radius:0px\">\n<p>Tarifs :<br><br>Cours membres :<br>Particuliers propri\u00e9taires :<br>35 \u20ac\/hr<br>Particuliers avec cheval de man\u00e8ge :<br>40 \u20ac\/hr<\/p>\n\n\n\n<p>Cours non-membres :<br>Particuliers propri\u00e9taires :<br>40 \u20ac\/hr<br>Particuliers avec cheval de man\u00e8ge :<br>45 \u20ac\/hr<br><br>Groupe 2-4 cavaliers \u2013 r\u00e9serv\u00e9 aux membres :<br>Propri\u00e9taires : 25 \u20ac\/hr<br>Avec cheval man\u00e8ge : 30 \u20ac\/hr<br>D\u00e8s 5 cavaliers r\u00e9guliers : Propri\u00e9taires : 23 \u20ac\/hr<br>Avec cheval man\u00e8ge : 25 \u20ac\/hr<br><br>Abonnements membres : particuliers -&gt; voir coachings<br>Groupe : 220 \u20ac\/10 cours \u00e0 prendre dans le trimestre<\/p>\n<\/div>\n<\/div><\/div>\n\n\n\n<figure class=\"wp-block-embed-youtube wp-block-embed is-type-video is-provider-youtube wp-embed-aspect-16-9 wp-has-aspect-ratio\"><div class=\"wp-block-embed__wrapper\">\n<iframe title=\"2011 AQHA World Show Senior Trail\" width=\"640\" height=\"360\" src=\"https:\/\/www.youtube.com\/embed\/xDx7koR4yAM?feature=oembed\" frameborder=\"0\" allow=\"accelerometer; autoplay; clipboard-write; encrypted-media; gyroscope; picture-in-picture; web-share\" referrerpolicy=\"strict-origin-when-cross-origin\" allowfullscreen><\/iframe>\n<\/div><\/figure>\n","protected":false},"excerpt":{"rendered":"","protected":false},"author":1,"featured_media":0,"parent":0,"menu_order":0,"comment_status":"closed","ping_status":"closed","template":"","meta":{"footnotes":""},"class_list":["post-3363","page","type-page","status-publish","hentry"],"yoast_head":"<!-- This site is optimized with the Yoast SEO plugin v27.5 - https:\/\/yoast.com\/product\/yoast-seo-wordpress\/ -->\n<title>Travail mont\u00e9 : trail, horsemanship, \u00e9quitation physiologique, travail sur le plat et en ext\u00e9rieur - Anouchka Bednarek Coaching - ABC asbl<\/title>\n<meta name=\"robots\" content=\"index, follow, max-snippet:-1, max-image-preview:large, max-video-preview:-1\" \/>\n<link rel=\"canonical\" href=\"https:\/\/leschevaux.be\/index.php\/travail-monte-trail-horsemanship\/\" \/>\n<meta property=\"og:locale\" content=\"fr_FR\" \/>\n<meta property=\"og:type\" content=\"article\" \/>\n<meta property=\"og:title\" content=\"Travail mont\u00e9 : trail, horsemanship, \u00e9quitation physiologique, travail sur le plat et en ext\u00e9rieur - Anouchka Bednarek Coaching - ABC asbl\" \/>\n<meta property=\"og:url\" content=\"https:\/\/leschevaux.be\/index.php\/travail-monte-trail-horsemanship\/\" \/>\n<meta property=\"og:site_name\" content=\"Anouchka Bednarek Coaching - ABC asbl\" \/>\n<meta property=\"article:modified_time\" content=\"2020-02-03T21:13:32+00:00\" \/>\n<meta name=\"twitter:card\" content=\"summary_large_image\" \/>\n<meta name=\"twitter:label1\" content=\"Dur\u00e9e de lecture estim\u00e9e\" \/>\n\t<meta name=\"twitter:data1\" content=\"1 minute\" \/>\n<script type=\"application\/ld+json\" class=\"yoast-schema-graph\">{\"@context\":\"https:\\\/\\\/schema.org\",\"@graph\":[{\"@type\":\"WebPage\",\"@id\":\"https:\\\/\\\/leschevaux.be\\\/index.php\\\/travail-monte-trail-horsemanship\\\/\",\"url\":\"https:\\\/\\\/leschevaux.be\\\/index.php\\\/travail-monte-trail-horsemanship\\\/\",\"name\":\"Travail mont\u00e9 : trail, horsemanship, \u00e9quitation physiologique, travail sur le plat et en ext\u00e9rieur - Anouchka Bednarek Coaching - ABC asbl\",\"isPartOf\":{\"@id\":\"https:\\\/\\\/leschevaux.be\\\/#website\"},\"datePublished\":\"2020-02-03T21:08:04+00:00\",\"dateModified\":\"2020-02-03T21:13:32+00:00\",\"breadcrumb\":{\"@id\":\"https:\\\/\\\/leschevaux.be\\\/index.php\\\/travail-monte-trail-horsemanship\\\/#breadcrumb\"},\"inLanguage\":\"fr-FR\",\"potentialAction\":[{\"@type\":\"ReadAction\",\"target\":[\"https:\\\/\\\/leschevaux.be\\\/index.php\\\/travail-monte-trail-horsemanship\\\/\"]}]},{\"@type\":\"BreadcrumbList\",\"@id\":\"https:\\\/\\\/leschevaux.be\\\/index.php\\\/travail-monte-trail-horsemanship\\\/#breadcrumb\",\"itemListElement\":[{\"@type\":\"ListItem\",\"position\":1,\"name\":\"Accueil\",\"item\":\"https:\\\/\\\/leschevaux.be\\\/\"},{\"@type\":\"ListItem\",\"position\":2,\"name\":\"Travail mont\u00e9 : trail, horsemanship, \u00e9quitation physiologique, travail sur le plat et en ext\u00e9rieur\"}]},{\"@type\":\"WebSite\",\"@id\":\"https:\\\/\\\/leschevaux.be\\\/#website\",\"url\":\"https:\\\/\\\/leschevaux.be\\\/\",\"name\":\"Anouchka Bednarek Coaching - ABC asbl\",\"description\":\"Horses Lovers Army- Slow equine education\",\"publisher\":{\"@id\":\"https:\\\/\\\/leschevaux.be\\\/#organization\"},\"potentialAction\":[{\"@type\":\"SearchAction\",\"target\":{\"@type\":\"EntryPoint\",\"urlTemplate\":\"https:\\\/\\\/leschevaux.be\\\/?s={search_term_string}\"},\"query-input\":{\"@type\":\"PropertyValueSpecification\",\"valueRequired\":true,\"valueName\":\"search_term_string\"}}],\"inLanguage\":\"fr-FR\"},{\"@type\":\"Organization\",\"@id\":\"https:\\\/\\\/leschevaux.be\\\/#organization\",\"name\":\"Anouchka Bednarek Coaching - ABC asbl\",\"url\":\"https:\\\/\\\/leschevaux.be\\\/\",\"logo\":{\"@type\":\"ImageObject\",\"inLanguage\":\"fr-FR\",\"@id\":\"https:\\\/\\\/leschevaux.be\\\/#\\\/schema\\\/logo\\\/image\\\/\",\"url\":\"https:\\\/\\\/leschevaux.be\\\/wp-content\\\/uploads\\\/2025\\\/06\\\/logos-abc-4-good-horses-etc-1-scaled.png\",\"contentUrl\":\"https:\\\/\\\/leschevaux.be\\\/wp-content\\\/uploads\\\/2025\\\/06\\\/logos-abc-4-good-horses-etc-1-scaled.png\",\"width\":2560,\"height\":959,\"caption\":\"Anouchka Bednarek Coaching - ABC asbl\"},\"image\":{\"@id\":\"https:\\\/\\\/leschevaux.be\\\/#\\\/schema\\\/logo\\\/image\\\/\"}}]}<\/script>\n<!-- \/ Yoast SEO plugin. -->","yoast_head_json":{"title":"Travail mont\u00e9 : trail, horsemanship, \u00e9quitation physiologique, travail sur le plat et en ext\u00e9rieur - Anouchka Bednarek Coaching - ABC asbl","robots":{"index":"index","follow":"follow","max-snippet":"max-snippet:-1","max-image-preview":"max-image-preview:large","max-video-preview":"max-video-preview:-1"},"canonical":"https:\/\/leschevaux.be\/index.php\/travail-monte-trail-horsemanship\/","og_locale":"fr_FR","og_type":"article","og_title":"Travail mont\u00e9 : trail, horsemanship, \u00e9quitation physiologique, travail sur le plat et en ext\u00e9rieur - Anouchka Bednarek Coaching - ABC asbl","og_url":"https:\/\/leschevaux.be\/index.php\/travail-monte-trail-horsemanship\/","og_site_name":"Anouchka Bednarek Coaching - ABC asbl","article_modified_time":"2020-02-03T21:13:32+00:00","twitter_card":"summary_large_image","twitter_misc":{"Dur\u00e9e de lecture estim\u00e9e":"1 minute"},"schema":{"@context":"https:\/\/schema.org","@graph":[{"@type":"WebPage","@id":"https:\/\/leschevaux.be\/index.php\/travail-monte-trail-horsemanship\/","url":"https:\/\/leschevaux.be\/index.php\/travail-monte-trail-horsemanship\/","name":"Travail mont\u00e9 : trail, horsemanship, \u00e9quitation physiologique, travail sur le plat et en ext\u00e9rieur - Anouchka Bednarek Coaching - ABC asbl","isPartOf":{"@id":"https:\/\/leschevaux.be\/#website"},"datePublished":"2020-02-03T21:08:04+00:00","dateModified":"2020-02-03T21:13:32+00:00","breadcrumb":{"@id":"https:\/\/leschevaux.be\/index.php\/travail-monte-trail-horsemanship\/#breadcrumb"},"inLanguage":"fr-FR","potentialAction":[{"@type":"ReadAction","target":["https:\/\/leschevaux.be\/index.php\/travail-monte-trail-horsemanship\/"]}]},{"@type":"BreadcrumbList","@id":"https:\/\/leschevaux.be\/index.php\/travail-monte-trail-horsemanship\/#breadcrumb","itemListElement":[{"@type":"ListItem","position":1,"name":"Accueil","item":"https:\/\/leschevaux.be\/"},{"@type":"ListItem","position":2,"name":"Travail mont\u00e9 : trail, horsemanship, \u00e9quitation physiologique, travail sur le plat et en ext\u00e9rieur"}]},{"@type":"WebSite","@id":"https:\/\/leschevaux.be\/#website","url":"https:\/\/leschevaux.be\/","name":"Anouchka Bednarek Coaching - ABC asbl","description":"Horses Lovers Army- Slow equine education","publisher":{"@id":"https:\/\/leschevaux.be\/#organization"},"potentialAction":[{"@type":"SearchAction","target":{"@type":"EntryPoint","urlTemplate":"https:\/\/leschevaux.be\/?s={search_term_string}"},"query-input":{"@type":"PropertyValueSpecification","valueRequired":true,"valueName":"search_term_string"}}],"inLanguage":"fr-FR"},{"@type":"Organization","@id":"https:\/\/leschevaux.be\/#organization","name":"Anouchka Bednarek Coaching - ABC asbl","url":"https:\/\/leschevaux.be\/","logo":{"@type":"ImageObject","inLanguage":"fr-FR","@id":"https:\/\/leschevaux.be\/#\/schema\/logo\/image\/","url":"https:\/\/leschevaux.be\/wp-content\/uploads\/2025\/06\/logos-abc-4-good-horses-etc-1-scaled.png","contentUrl":"https:\/\/leschevaux.be\/wp-content\/uploads\/2025\/06\/logos-abc-4-good-horses-etc-1-scaled.png","width":2560,"height":959,"caption":"Anouchka Bednarek Coaching - ABC asbl"},"image":{"@id":"https:\/\/leschevaux.be\/#\/schema\/logo\/image\/"}}]}},"_links":{"self":[{"href":"https:\/\/leschevaux.be\/index.php\/wp-json\/wp\/v2\/pages\/3363","targetHints":{"allow":["GET"]}}],"collection":[{"href":"https:\/\/leschevaux.be\/index.php\/wp-json\/wp\/v2\/pages"}],"about":[{"href":"https:\/\/leschevaux.be\/index.php\/wp-json\/wp\/v2\/types\/page"}],"author":[{"embeddable":true,"href":"https:\/\/leschevaux.be\/index.php\/wp-json\/wp\/v2\/users\/1"}],"replies":[{"embeddable":true,"href":"https:\/\/leschevaux.be\/index.php\/wp-json\/wp\/v2\/comments?post=3363"}],"version-history":[{"count":3,"href":"https:\/\/leschevaux.be\/index.php\/wp-json\/wp\/v2\/pages\/3363\/revisions"}],"predecessor-version":[{"id":3368,"href":"https:\/\/leschevaux.be\/index.php\/wp-json\/wp\/v2\/pages\/3363\/revisions\/3368"}],"wp:attachment":[{"href":"https:\/\/leschevaux.be\/index.php\/wp-json\/wp\/v2\/media?parent=3363"}],"curies":[{"name":"wp","href":"https:\/\/api.w.org\/{rel}","templated":true}]}}