{"id":3377,"date":"2020-02-04T08:17:35","date_gmt":"2020-02-04T07:17:35","guid":{"rendered":"https:\/\/leschevaux.be\/?page_id=3377"},"modified":"2020-02-04T08:17:36","modified_gmt":"2020-02-04T07:17:36","slug":"les-stages-adultes-equitation","status":"publish","type":"page","link":"https:\/\/leschevaux.be\/index.php\/les-stages-adultes-equitation\/","title":{"rendered":"Les stages"},"content":{"rendered":"\n<div class=\"wp-block-themeisle-blocks-advanced-columns has-2-columns has-desktop-equal-layout has-tablet-equal-layout has-mobile-collapsedRows-layout has-default-gap has-vertical-unset\" id=\"wp-block-themeisle-blocks-advanced-columns-a219dcea\" style=\"border-width:0px;border-style:solid;border-color:#000000;border-radius:0px;justify-content:unset\"><div class=\"wp-themeisle-block-overlay\" style=\"opacity:0.5;mix-blend-mode:normal\"><\/div><div class=\"innerblocks-wrap\">\n<div class=\"wp-block-themeisle-blocks-advanced-column\" id=\"wp-block-themeisle-blocks-advanced-column-d74e45c3\" style=\"background:#eeeeee;border-width:0px;border-style:solid;border-color:#00d084;border-radius:0px\">\n<p class=\"has-text-color has-vivid-green-cyan-color\">Les stages de 4 heures \u00e0 th\u00e8mes &#8211; Th\u00e9orie\/Pratique<\/p>\n<\/div>\n\n\n\n<div class=\"wp-block-themeisle-blocks-advanced-column\" id=\"wp-block-themeisle-blocks-advanced-column-b49676ff\" style=\"background:#eeeeee;border-width:0px;border-style:solid;border-color:#000000;border-radius:0px\">\n<p class=\"has-text-color has-vivid-green-cyan-color\">Les stages de 4 heures \u00e0 th\u00e8mes &#8211; mont\u00e9s<\/p>\n<\/div>\n<\/div><\/div>\n\n\n\n<div class=\"wp-block-columns is-layout-flex wp-container-core-columns-is-layout-9d6595d7 wp-block-columns-is-layout-flex\">\n<div class=\"wp-block-column is-layout-flow wp-block-column-is-layout-flow\">\n<p>10 mois\/an, nous vous retrouvons pour des  stages de 4 heures, sur des th\u00e8mes d\u00e9finis. <br>Exemple : les fondamentaux de la s\u00e9curit\u00e9 en milieu \u00e9questre, apprendre \u00e0 apprendre au cheval, la nutrition du cheval, les soins de base et la pharmacie etc<\/p>\n\n\n\n<p>Tarif : 38 \u20ac<\/p>\n\n\n\n<p>Le calendrier parait dans les event de notre page FB :<br> <a href=\"https:\/\/www.facebook.com\/ecoranchasbl\/\">https:\/\/www.facebook.com\/ecoranchasbl\/<\/a> <\/p>\n<\/div>\n\n\n\n<div class=\"wp-block-column is-layout-flow wp-block-column-is-layout-flow\">\n<p>8 mois\/an, nous vous proposons des stages de 4 heures, part \u00e0 pieds, part mont\u00e9s, sur des disciplines ou th\u00e8mes sp\u00e9cifiques : trail, ext\u00e9rieur, horsmanship, d\u00e9couverte\/initiation, <\/p>\n\n\n\n<p>Tarif : 48 \u20ac<\/p>\n\n\n\n<p> Le calendrier parait dans les event de notre page FB :<br> <a href=\"https:\/\/www.facebook.com\/ecoranchasbl\/\">https:\/\/www.facebook.com\/ecoranchasbl\/<\/a>  <\/p>\n<\/div>\n<\/div>\n\n\n\n<p><\/p>\n","protected":false},"excerpt":{"rendered":"<p>10 mois\/an, nous vous retrouvons pour des stages de 4 [&hellip;]<\/p>\n","protected":false},"author":1,"featured_media":0,"parent":0,"menu_order":0,"comment_status":"closed","ping_status":"closed","template":"","meta":{"footnotes":""},"class_list":["post-3377","page","type-page","status-publish","hentry"],"yoast_head":"<!-- This site is optimized with the Yoast SEO plugin v27.5 - https:\/\/yoast.com\/product\/yoast-seo-wordpress\/ -->\n<title>Les stages - Anouchka Bednarek Coaching - ABC asbl<\/title>\n<meta name=\"description\" content=\"Stage d&#039;\u00e9quitation \u00e0 th\u00e8mes pour adultes et ados, ethologie, nutrition \u00e9quine, apprentissage \u00e9quin, soins aux chevaux et poneys, sprimont, li\u00e8ge\" \/>\n<meta name=\"robots\" content=\"index, follow, max-snippet:-1, max-image-preview:large, max-video-preview:-1\" \/>\n<link rel=\"canonical\" href=\"https:\/\/leschevaux.be\/index.php\/les-stages-adultes-equitation\/\" \/>\n<meta property=\"og:locale\" content=\"fr_FR\" \/>\n<meta property=\"og:type\" content=\"article\" \/>\n<meta property=\"og:title\" content=\"Les stages - Anouchka Bednarek Coaching - ABC asbl\" \/>\n<meta property=\"og:description\" content=\"Stage d&#039;\u00e9quitation \u00e0 th\u00e8mes pour adultes et ados, ethologie, nutrition \u00e9quine, apprentissage \u00e9quin, soins aux chevaux et poneys, sprimont, li\u00e8ge\" \/>\n<meta property=\"og:url\" content=\"https:\/\/leschevaux.be\/index.php\/les-stages-adultes-equitation\/\" \/>\n<meta property=\"og:site_name\" content=\"Anouchka Bednarek Coaching - ABC asbl\" \/>\n<meta property=\"article:modified_time\" content=\"2020-02-04T07:17:36+00:00\" \/>\n<meta name=\"twitter:card\" content=\"summary_large_image\" \/>\n<meta name=\"twitter:label1\" content=\"Dur\u00e9e de lecture estim\u00e9e\" \/>\n\t<meta name=\"twitter:data1\" content=\"1 minute\" \/>\n<script type=\"application\/ld+json\" class=\"yoast-schema-graph\">{\"@context\":\"https:\\\/\\\/schema.org\",\"@graph\":[{\"@type\":\"WebPage\",\"@id\":\"https:\\\/\\\/leschevaux.be\\\/index.php\\\/les-stages-adultes-equitation\\\/\",\"url\":\"https:\\\/\\\/leschevaux.be\\\/index.php\\\/les-stages-adultes-equitation\\\/\",\"name\":\"Les stages - Anouchka Bednarek Coaching - ABC asbl\",\"isPartOf\":{\"@id\":\"https:\\\/\\\/leschevaux.be\\\/#website\"},\"datePublished\":\"2020-02-04T07:17:35+00:00\",\"dateModified\":\"2020-02-04T07:17:36+00:00\",\"description\":\"Stage d'\u00e9quitation \u00e0 th\u00e8mes pour adultes et ados, ethologie, nutrition \u00e9quine, apprentissage \u00e9quin, soins aux chevaux et poneys, sprimont, li\u00e8ge\",\"breadcrumb\":{\"@id\":\"https:\\\/\\\/leschevaux.be\\\/index.php\\\/les-stages-adultes-equitation\\\/#breadcrumb\"},\"inLanguage\":\"fr-FR\",\"potentialAction\":[{\"@type\":\"ReadAction\",\"target\":[\"https:\\\/\\\/leschevaux.be\\\/index.php\\\/les-stages-adultes-equitation\\\/\"]}]},{\"@type\":\"BreadcrumbList\",\"@id\":\"https:\\\/\\\/leschevaux.be\\\/index.php\\\/les-stages-adultes-equitation\\\/#breadcrumb\",\"itemListElement\":[{\"@type\":\"ListItem\",\"position\":1,\"name\":\"Accueil\",\"item\":\"https:\\\/\\\/leschevaux.be\\\/\"},{\"@type\":\"ListItem\",\"position\":2,\"name\":\"Les stages\"}]},{\"@type\":\"WebSite\",\"@id\":\"https:\\\/\\\/leschevaux.be\\\/#website\",\"url\":\"https:\\\/\\\/leschevaux.be\\\/\",\"name\":\"Anouchka Bednarek Coaching - ABC asbl\",\"description\":\"Horses Lovers Army- Slow equine education\",\"publisher\":{\"@id\":\"https:\\\/\\\/leschevaux.be\\\/#organization\"},\"potentialAction\":[{\"@type\":\"SearchAction\",\"target\":{\"@type\":\"EntryPoint\",\"urlTemplate\":\"https:\\\/\\\/leschevaux.be\\\/?s={search_term_string}\"},\"query-input\":{\"@type\":\"PropertyValueSpecification\",\"valueRequired\":true,\"valueName\":\"search_term_string\"}}],\"inLanguage\":\"fr-FR\"},{\"@type\":\"Organization\",\"@id\":\"https:\\\/\\\/leschevaux.be\\\/#organization\",\"name\":\"Anouchka Bednarek Coaching - ABC asbl\",\"url\":\"https:\\\/\\\/leschevaux.be\\\/\",\"logo\":{\"@type\":\"ImageObject\",\"inLanguage\":\"fr-FR\",\"@id\":\"https:\\\/\\\/leschevaux.be\\\/#\\\/schema\\\/logo\\\/image\\\/\",\"url\":\"https:\\\/\\\/leschevaux.be\\\/wp-content\\\/uploads\\\/2025\\\/06\\\/logos-abc-4-good-horses-etc-1-scaled.png\",\"contentUrl\":\"https:\\\/\\\/leschevaux.be\\\/wp-content\\\/uploads\\\/2025\\\/06\\\/logos-abc-4-good-horses-etc-1-scaled.png\",\"width\":2560,\"height\":959,\"caption\":\"Anouchka Bednarek Coaching - ABC asbl\"},\"image\":{\"@id\":\"https:\\\/\\\/leschevaux.be\\\/#\\\/schema\\\/logo\\\/image\\\/\"}}]}<\/script>\n<!-- \/ Yoast SEO plugin. -->","yoast_head_json":{"title":"Les stages - Anouchka Bednarek Coaching - ABC asbl","description":"Stage d'\u00e9quitation \u00e0 th\u00e8mes pour adultes et ados, ethologie, nutrition \u00e9quine, apprentissage \u00e9quin, soins aux chevaux et poneys, sprimont, li\u00e8ge","robots":{"index":"index","follow":"follow","max-snippet":"max-snippet:-1","max-image-preview":"max-image-preview:large","max-video-preview":"max-video-preview:-1"},"canonical":"https:\/\/leschevaux.be\/index.php\/les-stages-adultes-equitation\/","og_locale":"fr_FR","og_type":"article","og_title":"Les stages - Anouchka Bednarek Coaching - ABC asbl","og_description":"Stage d'\u00e9quitation \u00e0 th\u00e8mes pour adultes et ados, ethologie, nutrition \u00e9quine, apprentissage \u00e9quin, soins aux chevaux et poneys, sprimont, li\u00e8ge","og_url":"https:\/\/leschevaux.be\/index.php\/les-stages-adultes-equitation\/","og_site_name":"Anouchka Bednarek Coaching - ABC asbl","article_modified_time":"2020-02-04T07:17:36+00:00","twitter_card":"summary_large_image","twitter_misc":{"Dur\u00e9e de lecture estim\u00e9e":"1 minute"},"schema":{"@context":"https:\/\/schema.org","@graph":[{"@type":"WebPage","@id":"https:\/\/leschevaux.be\/index.php\/les-stages-adultes-equitation\/","url":"https:\/\/leschevaux.be\/index.php\/les-stages-adultes-equitation\/","name":"Les stages - Anouchka Bednarek Coaching - ABC asbl","isPartOf":{"@id":"https:\/\/leschevaux.be\/#website"},"datePublished":"2020-02-04T07:17:35+00:00","dateModified":"2020-02-04T07:17:36+00:00","description":"Stage d'\u00e9quitation \u00e0 th\u00e8mes pour adultes et ados, ethologie, nutrition \u00e9quine, apprentissage \u00e9quin, soins aux chevaux et poneys, sprimont, li\u00e8ge","breadcrumb":{"@id":"https:\/\/leschevaux.be\/index.php\/les-stages-adultes-equitation\/#breadcrumb"},"inLanguage":"fr-FR","potentialAction":[{"@type":"ReadAction","target":["https:\/\/leschevaux.be\/index.php\/les-stages-adultes-equitation\/"]}]},{"@type":"BreadcrumbList","@id":"https:\/\/leschevaux.be\/index.php\/les-stages-adultes-equitation\/#breadcrumb","itemListElement":[{"@type":"ListItem","position":1,"name":"Accueil","item":"https:\/\/leschevaux.be\/"},{"@type":"ListItem","position":2,"name":"Les stages"}]},{"@type":"WebSite","@id":"https:\/\/leschevaux.be\/#website","url":"https:\/\/leschevaux.be\/","name":"Anouchka Bednarek Coaching - ABC asbl","description":"Horses Lovers Army- Slow equine education","publisher":{"@id":"https:\/\/leschevaux.be\/#organization"},"potentialAction":[{"@type":"SearchAction","target":{"@type":"EntryPoint","urlTemplate":"https:\/\/leschevaux.be\/?s={search_term_string}"},"query-input":{"@type":"PropertyValueSpecification","valueRequired":true,"valueName":"search_term_string"}}],"inLanguage":"fr-FR"},{"@type":"Organization","@id":"https:\/\/leschevaux.be\/#organization","name":"Anouchka Bednarek Coaching - ABC asbl","url":"https:\/\/leschevaux.be\/","logo":{"@type":"ImageObject","inLanguage":"fr-FR","@id":"https:\/\/leschevaux.be\/#\/schema\/logo\/image\/","url":"https:\/\/leschevaux.be\/wp-content\/uploads\/2025\/06\/logos-abc-4-good-horses-etc-1-scaled.png","contentUrl":"https:\/\/leschevaux.be\/wp-content\/uploads\/2025\/06\/logos-abc-4-good-horses-etc-1-scaled.png","width":2560,"height":959,"caption":"Anouchka Bednarek Coaching - ABC asbl"},"image":{"@id":"https:\/\/leschevaux.be\/#\/schema\/logo\/image\/"}}]}},"_links":{"self":[{"href":"https:\/\/leschevaux.be\/index.php\/wp-json\/wp\/v2\/pages\/3377","targetHints":{"allow":["GET"]}}],"collection":[{"href":"https:\/\/leschevaux.be\/index.php\/wp-json\/wp\/v2\/pages"}],"about":[{"href":"https:\/\/leschevaux.be\/index.php\/wp-json\/wp\/v2\/types\/page"}],"author":[{"embeddable":true,"href":"https:\/\/leschevaux.be\/index.php\/wp-json\/wp\/v2\/users\/1"}],"replies":[{"embeddable":true,"href":"https:\/\/leschevaux.be\/index.php\/wp-json\/wp\/v2\/comments?post=3377"}],"version-history":[{"count":1,"href":"https:\/\/leschevaux.be\/index.php\/wp-json\/wp\/v2\/pages\/3377\/revisions"}],"predecessor-version":[{"id":3378,"href":"https:\/\/leschevaux.be\/index.php\/wp-json\/wp\/v2\/pages\/3377\/revisions\/3378"}],"wp:attachment":[{"href":"https:\/\/leschevaux.be\/index.php\/wp-json\/wp\/v2\/media?parent=3377"}],"curies":[{"name":"wp","href":"https:\/\/api.w.org\/{rel}","templated":true}]}}