{"id":3736,"date":"2020-09-01T15:43:42","date_gmt":"2020-09-01T13:43:42","guid":{"rendered":"https:\/\/leschevaux.be\/?page_id=3736"},"modified":"2020-09-01T15:51:09","modified_gmt":"2020-09-01T13:51:09","slug":"mercredi-poney-party-liege","status":"publish","type":"page","link":"https:\/\/leschevaux.be\/index.php\/mercredi-poney-party-liege\/","title":{"rendered":"Pony Party du mercredi"},"content":{"rendered":"\n<figure class=\"wp-block-image size-large is-style-default\"><img fetchpriority=\"high\" decoding=\"async\" width=\"1024\" height=\"576\" src=\"https:\/\/leschevaux.be\/wp-content\/uploads\/2020\/09\/Pony-party-2-1024x576.jpg\" alt=\"\" class=\"wp-image-3737\" srcset=\"https:\/\/leschevaux.be\/wp-content\/uploads\/2020\/09\/Pony-party-2-1024x576.jpg 1024w, https:\/\/leschevaux.be\/wp-content\/uploads\/2020\/09\/Pony-party-2-600x338.jpg 600w, https:\/\/leschevaux.be\/wp-content\/uploads\/2020\/09\/Pony-party-2-300x169.jpg 300w, https:\/\/leschevaux.be\/wp-content\/uploads\/2020\/09\/Pony-party-2-768x432.jpg 768w, https:\/\/leschevaux.be\/wp-content\/uploads\/2020\/09\/Pony-party-2-1536x864.jpg 1536w, https:\/\/leschevaux.be\/wp-content\/uploads\/2020\/09\/Pony-party-2-1200x675.jpg 1200w, https:\/\/leschevaux.be\/wp-content\/uploads\/2020\/09\/Pony-party-2.jpg 1920w\" sizes=\"(max-width: 1024px) 100vw, 1024px\" \/><figcaption>les pony party pour les passionn\u00e9s<\/figcaption><\/figure>\n\n\n\n<p class=\"has-accent-color has-text-color\" style=\"font-size:13px\">Elle a tapiss\u00e9 sa chambre de dessins et de posters de chevaux et poneys ? <br>Il joue \u00ab\u00a0au cheval\u00a0\u00bb sur l&rsquo;accoudoir de votre divan  et galope autour de la table du salon ? <br>Elle collectionne les figurines de poney et construit des \u00e9curies et des obstacles sous son lit ? <br>Pas de doute &#8230; votre enfant est un \u00ab\u00a0mordu\u00a0\u00bb des \u00e9quid\u00e9s.<br>Tous les mercredis apr\u00e8s-midi, c&rsquo;est pour lui.<br>Pratique \u00e9questre, pratique \u00e9curies, hippologie (th\u00e9orie), pause c\u00e2lins aux poneys, soins : prendre le temps de vivre sa passion.<br>Mais pas que :<br>D\u00e9couvrir le bois, les arbres, les plantes qui soignent ou se mangent, au pas des animaux et au rythme des saisons.<br>Dessiner le potager, semer, patienter, r\u00e9colter, partager.<br>Bricoler et recycler.<br>Vivre ensemble : apprivoiser les \u00e9motions,  s&rsquo;entraider pour r\u00e9soudre une difficult\u00e9 scolaire ou de Vie, se sentir \u00e9paul\u00e9s par le groupe.<\/p>\n\n\n\n<p>Mercredis : 35 \u20ac<br>10 mercredis abonnement : 310 \u20ac<br>Prendre une collation saine + boissons et v\u00eatements adapt\u00e9s \u00e0 la m\u00e9t\u00e9o.<br>S&rsquo;inscrire chaque semaine via module \u00ab\u00a0services\u00a0\u00bb de notre <a href=\"https:\/\/www.facebook.com\/ecoranchasbl\" target=\"_blank\" rel=\"noreferrer noopener\">page FB<\/a><\/p>\n","protected":false},"excerpt":{"rendered":"<p>Elle a tapiss\u00e9 sa chambre de dessins et de posters [&hellip;]<\/p>\n","protected":false},"author":1,"featured_media":0,"parent":0,"menu_order":0,"comment_status":"closed","ping_status":"closed","template":"","meta":{"footnotes":""},"class_list":["post-3736","page","type-page","status-publish","hentry"],"yoast_head":"<!-- This site is optimized with the Yoast SEO plugin v27.5 - https:\/\/yoast.com\/product\/yoast-seo-wordpress\/ -->\n<title>Pony Party du mercredi - Anouchka Bednarek Coaching - ABC asbl<\/title>\n<meta name=\"description\" content=\"Activit\u00e9s du mercredi pour enfants passionn\u00e9s de chevaux et de poneys. Dans un cadre nature privatif, \u00e0 deux pas de Li\u00e8ge.\" \/>\n<meta name=\"robots\" content=\"index, follow, max-snippet:-1, max-image-preview:large, max-video-preview:-1\" \/>\n<link rel=\"canonical\" href=\"https:\/\/leschevaux.be\/index.php\/mercredi-poney-party-liege\/\" \/>\n<meta property=\"og:locale\" content=\"fr_FR\" \/>\n<meta property=\"og:type\" content=\"article\" \/>\n<meta property=\"og:title\" content=\"Pony Party du mercredi - Anouchka Bednarek Coaching - ABC asbl\" \/>\n<meta property=\"og:description\" content=\"Activit\u00e9s du mercredi pour enfants passionn\u00e9s de chevaux et de poneys. Dans un cadre nature privatif, \u00e0 deux pas de Li\u00e8ge.\" \/>\n<meta property=\"og:url\" content=\"https:\/\/leschevaux.be\/index.php\/mercredi-poney-party-liege\/\" \/>\n<meta property=\"og:site_name\" content=\"Anouchka Bednarek Coaching - ABC asbl\" \/>\n<meta property=\"article:modified_time\" content=\"2020-09-01T13:51:09+00:00\" \/>\n<meta property=\"og:image\" content=\"https:\/\/leschevaux.be\/wp-content\/uploads\/2020\/09\/Pony-party-2-1024x576.jpg\" \/>\n<meta name=\"twitter:card\" content=\"summary_large_image\" \/>\n<meta name=\"twitter:label1\" content=\"Dur\u00e9e de lecture estim\u00e9e\" \/>\n\t<meta name=\"twitter:data1\" content=\"1 minute\" \/>\n<script type=\"application\/ld+json\" class=\"yoast-schema-graph\">{\"@context\":\"https:\\\/\\\/schema.org\",\"@graph\":[{\"@type\":\"WebPage\",\"@id\":\"https:\\\/\\\/leschevaux.be\\\/index.php\\\/mercredi-poney-party-liege\\\/\",\"url\":\"https:\\\/\\\/leschevaux.be\\\/index.php\\\/mercredi-poney-party-liege\\\/\",\"name\":\"Pony Party du mercredi - Anouchka Bednarek Coaching - ABC asbl\",\"isPartOf\":{\"@id\":\"https:\\\/\\\/leschevaux.be\\\/#website\"},\"primaryImageOfPage\":{\"@id\":\"https:\\\/\\\/leschevaux.be\\\/index.php\\\/mercredi-poney-party-liege\\\/#primaryimage\"},\"image\":{\"@id\":\"https:\\\/\\\/leschevaux.be\\\/index.php\\\/mercredi-poney-party-liege\\\/#primaryimage\"},\"thumbnailUrl\":\"https:\\\/\\\/leschevaux.be\\\/wp-content\\\/uploads\\\/2020\\\/09\\\/Pony-party-2-1024x576.jpg\",\"datePublished\":\"2020-09-01T13:43:42+00:00\",\"dateModified\":\"2020-09-01T13:51:09+00:00\",\"description\":\"Activit\u00e9s du mercredi pour enfants passionn\u00e9s de chevaux et de poneys. Dans un cadre nature privatif, \u00e0 deux pas de Li\u00e8ge.\",\"breadcrumb\":{\"@id\":\"https:\\\/\\\/leschevaux.be\\\/index.php\\\/mercredi-poney-party-liege\\\/#breadcrumb\"},\"inLanguage\":\"fr-FR\",\"potentialAction\":[{\"@type\":\"ReadAction\",\"target\":[\"https:\\\/\\\/leschevaux.be\\\/index.php\\\/mercredi-poney-party-liege\\\/\"]}]},{\"@type\":\"ImageObject\",\"inLanguage\":\"fr-FR\",\"@id\":\"https:\\\/\\\/leschevaux.be\\\/index.php\\\/mercredi-poney-party-liege\\\/#primaryimage\",\"url\":\"https:\\\/\\\/leschevaux.be\\\/wp-content\\\/uploads\\\/2020\\\/09\\\/Pony-party-2.jpg\",\"contentUrl\":\"https:\\\/\\\/leschevaux.be\\\/wp-content\\\/uploads\\\/2020\\\/09\\\/Pony-party-2.jpg\",\"width\":1920,\"height\":1080},{\"@type\":\"BreadcrumbList\",\"@id\":\"https:\\\/\\\/leschevaux.be\\\/index.php\\\/mercredi-poney-party-liege\\\/#breadcrumb\",\"itemListElement\":[{\"@type\":\"ListItem\",\"position\":1,\"name\":\"Accueil\",\"item\":\"https:\\\/\\\/leschevaux.be\\\/\"},{\"@type\":\"ListItem\",\"position\":2,\"name\":\"Pony Party du mercredi\"}]},{\"@type\":\"WebSite\",\"@id\":\"https:\\\/\\\/leschevaux.be\\\/#website\",\"url\":\"https:\\\/\\\/leschevaux.be\\\/\",\"name\":\"Anouchka Bednarek Coaching - ABC asbl\",\"description\":\"Horses Lovers Army- Slow equine education\",\"publisher\":{\"@id\":\"https:\\\/\\\/leschevaux.be\\\/#organization\"},\"potentialAction\":[{\"@type\":\"SearchAction\",\"target\":{\"@type\":\"EntryPoint\",\"urlTemplate\":\"https:\\\/\\\/leschevaux.be\\\/?s={search_term_string}\"},\"query-input\":{\"@type\":\"PropertyValueSpecification\",\"valueRequired\":true,\"valueName\":\"search_term_string\"}}],\"inLanguage\":\"fr-FR\"},{\"@type\":\"Organization\",\"@id\":\"https:\\\/\\\/leschevaux.be\\\/#organization\",\"name\":\"Anouchka Bednarek Coaching - ABC asbl\",\"url\":\"https:\\\/\\\/leschevaux.be\\\/\",\"logo\":{\"@type\":\"ImageObject\",\"inLanguage\":\"fr-FR\",\"@id\":\"https:\\\/\\\/leschevaux.be\\\/#\\\/schema\\\/logo\\\/image\\\/\",\"url\":\"https:\\\/\\\/leschevaux.be\\\/wp-content\\\/uploads\\\/2025\\\/06\\\/logos-abc-4-good-horses-etc-1-scaled.png\",\"contentUrl\":\"https:\\\/\\\/leschevaux.be\\\/wp-content\\\/uploads\\\/2025\\\/06\\\/logos-abc-4-good-horses-etc-1-scaled.png\",\"width\":2560,\"height\":959,\"caption\":\"Anouchka Bednarek Coaching - ABC asbl\"},\"image\":{\"@id\":\"https:\\\/\\\/leschevaux.be\\\/#\\\/schema\\\/logo\\\/image\\\/\"}}]}<\/script>\n<!-- \/ Yoast SEO plugin. -->","yoast_head_json":{"title":"Pony Party du mercredi - Anouchka Bednarek Coaching - ABC asbl","description":"Activit\u00e9s du mercredi pour enfants passionn\u00e9s de chevaux et de poneys. Dans un cadre nature privatif, \u00e0 deux pas de Li\u00e8ge.","robots":{"index":"index","follow":"follow","max-snippet":"max-snippet:-1","max-image-preview":"max-image-preview:large","max-video-preview":"max-video-preview:-1"},"canonical":"https:\/\/leschevaux.be\/index.php\/mercredi-poney-party-liege\/","og_locale":"fr_FR","og_type":"article","og_title":"Pony Party du mercredi - Anouchka Bednarek Coaching - ABC asbl","og_description":"Activit\u00e9s du mercredi pour enfants passionn\u00e9s de chevaux et de poneys. Dans un cadre nature privatif, \u00e0 deux pas de Li\u00e8ge.","og_url":"https:\/\/leschevaux.be\/index.php\/mercredi-poney-party-liege\/","og_site_name":"Anouchka Bednarek Coaching - ABC asbl","article_modified_time":"2020-09-01T13:51:09+00:00","og_image":[{"url":"https:\/\/leschevaux.be\/wp-content\/uploads\/2020\/09\/Pony-party-2-1024x576.jpg","type":"","width":"","height":""}],"twitter_card":"summary_large_image","twitter_misc":{"Dur\u00e9e de lecture estim\u00e9e":"1 minute"},"schema":{"@context":"https:\/\/schema.org","@graph":[{"@type":"WebPage","@id":"https:\/\/leschevaux.be\/index.php\/mercredi-poney-party-liege\/","url":"https:\/\/leschevaux.be\/index.php\/mercredi-poney-party-liege\/","name":"Pony Party du mercredi - Anouchka Bednarek Coaching - ABC asbl","isPartOf":{"@id":"https:\/\/leschevaux.be\/#website"},"primaryImageOfPage":{"@id":"https:\/\/leschevaux.be\/index.php\/mercredi-poney-party-liege\/#primaryimage"},"image":{"@id":"https:\/\/leschevaux.be\/index.php\/mercredi-poney-party-liege\/#primaryimage"},"thumbnailUrl":"https:\/\/leschevaux.be\/wp-content\/uploads\/2020\/09\/Pony-party-2-1024x576.jpg","datePublished":"2020-09-01T13:43:42+00:00","dateModified":"2020-09-01T13:51:09+00:00","description":"Activit\u00e9s du mercredi pour enfants passionn\u00e9s de chevaux et de poneys. Dans un cadre nature privatif, \u00e0 deux pas de Li\u00e8ge.","breadcrumb":{"@id":"https:\/\/leschevaux.be\/index.php\/mercredi-poney-party-liege\/#breadcrumb"},"inLanguage":"fr-FR","potentialAction":[{"@type":"ReadAction","target":["https:\/\/leschevaux.be\/index.php\/mercredi-poney-party-liege\/"]}]},{"@type":"ImageObject","inLanguage":"fr-FR","@id":"https:\/\/leschevaux.be\/index.php\/mercredi-poney-party-liege\/#primaryimage","url":"https:\/\/leschevaux.be\/wp-content\/uploads\/2020\/09\/Pony-party-2.jpg","contentUrl":"https:\/\/leschevaux.be\/wp-content\/uploads\/2020\/09\/Pony-party-2.jpg","width":1920,"height":1080},{"@type":"BreadcrumbList","@id":"https:\/\/leschevaux.be\/index.php\/mercredi-poney-party-liege\/#breadcrumb","itemListElement":[{"@type":"ListItem","position":1,"name":"Accueil","item":"https:\/\/leschevaux.be\/"},{"@type":"ListItem","position":2,"name":"Pony Party du mercredi"}]},{"@type":"WebSite","@id":"https:\/\/leschevaux.be\/#website","url":"https:\/\/leschevaux.be\/","name":"Anouchka Bednarek Coaching - ABC asbl","description":"Horses Lovers Army- Slow equine education","publisher":{"@id":"https:\/\/leschevaux.be\/#organization"},"potentialAction":[{"@type":"SearchAction","target":{"@type":"EntryPoint","urlTemplate":"https:\/\/leschevaux.be\/?s={search_term_string}"},"query-input":{"@type":"PropertyValueSpecification","valueRequired":true,"valueName":"search_term_string"}}],"inLanguage":"fr-FR"},{"@type":"Organization","@id":"https:\/\/leschevaux.be\/#organization","name":"Anouchka Bednarek Coaching - ABC asbl","url":"https:\/\/leschevaux.be\/","logo":{"@type":"ImageObject","inLanguage":"fr-FR","@id":"https:\/\/leschevaux.be\/#\/schema\/logo\/image\/","url":"https:\/\/leschevaux.be\/wp-content\/uploads\/2025\/06\/logos-abc-4-good-horses-etc-1-scaled.png","contentUrl":"https:\/\/leschevaux.be\/wp-content\/uploads\/2025\/06\/logos-abc-4-good-horses-etc-1-scaled.png","width":2560,"height":959,"caption":"Anouchka Bednarek Coaching - ABC asbl"},"image":{"@id":"https:\/\/leschevaux.be\/#\/schema\/logo\/image\/"}}]}},"_links":{"self":[{"href":"https:\/\/leschevaux.be\/index.php\/wp-json\/wp\/v2\/pages\/3736","targetHints":{"allow":["GET"]}}],"collection":[{"href":"https:\/\/leschevaux.be\/index.php\/wp-json\/wp\/v2\/pages"}],"about":[{"href":"https:\/\/leschevaux.be\/index.php\/wp-json\/wp\/v2\/types\/page"}],"author":[{"embeddable":true,"href":"https:\/\/leschevaux.be\/index.php\/wp-json\/wp\/v2\/users\/1"}],"replies":[{"embeddable":true,"href":"https:\/\/leschevaux.be\/index.php\/wp-json\/wp\/v2\/comments?post=3736"}],"version-history":[{"count":2,"href":"https:\/\/leschevaux.be\/index.php\/wp-json\/wp\/v2\/pages\/3736\/revisions"}],"predecessor-version":[{"id":3740,"href":"https:\/\/leschevaux.be\/index.php\/wp-json\/wp\/v2\/pages\/3736\/revisions\/3740"}],"wp:attachment":[{"href":"https:\/\/leschevaux.be\/index.php\/wp-json\/wp\/v2\/media?parent=3736"}],"curies":[{"name":"wp","href":"https:\/\/api.w.org\/{rel}","templated":true}]}}