{"id":376,"date":"2019-07-10T23:58:22","date_gmt":"2019-07-10T21:58:22","guid":{"rendered":"http:\/\/leschevaux.be\/?page_id=376"},"modified":"2021-02-20T19:29:32","modified_gmt":"2021-02-20T18:29:32","slug":"notre-asbl","status":"publish","type":"page","link":"https:\/\/leschevaux.be\/index.php\/notre-asbl\/","title":{"rendered":"Notre asbl"},"content":{"rendered":"\n<p class=\"has-small-font-size\">Le projet \u00ab&nbsp;<strong>EcoRanch<\/strong> \u00bb est le fruit d\u2019une r\u00e9flexion rigoureuse et participative men\u00e9e par les membres d\u2019Equifairplay <strong>asbl<\/strong>, club d\u2019\u00e9quitation. <br>Avec&nbsp; <strong>EcoRanch by Equifairplay<\/strong> <strong>asbl<\/strong>,\n il s\u2019agit de p\u00e9renniser les sports \u00e9questres au regard du contexte \nsocial, \u00e9conomique et des enjeux climatiques \u00e0 l\u2019horizon 2030. <br>Cr\u00e9\u00e9e en mars 2014, Equifairplay <strong>asbl<\/strong>\n avait d\u00e9velopp\u00e9 des axes p\u00e9dagogiques innovants pour les sports \n\u00e9questres. Notamment par le biais d\u2019une approche ludique, s\u00e9curitaire et\n ax\u00e9e sur l\u2019\u00e9panouissement global des participants, par le biais du \nsport et du contact \u00e0 l\u2019animal-partenaire.<\/p>\n\n\n\n<div class=\"wp-block-themeisle-blocks-advanced-columns has-2-columns has-desktop-oneTwo-layout has-tablet-equal-layout has-mobile-collapsedRows-layout has-default-gap has-vertical-unset\" id=\"wp-block-themeisle-blocks-advanced-columns-038a6d2b\"><div class=\"wp-block-themeisle-blocks-advanced-columns-overlay\"><\/div><div class=\"innerblocks-wrap\">\n<div class=\"wp-block-themeisle-blocks-advanced-column\" id=\"wp-block-themeisle-blocks-advanced-column-fa2db726\">\n<p class=\"has-very-light-gray-background-color has-text-color has-background\" style=\"color:#3dbed4\"><strong>Ecoranch by Equifairplay asbl<\/strong><\/p>\n\n\n\n<p><strong>Buts et objets<\/strong><\/p>\n\n\n\n<p> Art. 4 \u2013 L\u2019association a pour but(s) :<br> \u2022 La promotion du sport en g\u00e9n\u00e9ral et de l\u2019\u00e9quitation en particulier.<br> \u2022 La promotion du bien-\u00eatre animal et \u00e9quin, en particulier.<br> \u2022 La promotion du bien-\u00eatre humain.<br> \u2022 La promotion de la protection et du respect de la nature et de l\u2019environnement.<br> \u2022 La promotion du tourisme \u00e9questre et des sports d\u2019ext\u00e9rieurs non-motoris\u00e9<br> \u2022 La promotion des axes de d\u00e9veloppement durable d\u00e9finis par l\u2019ONU<br> Art. 5 \u2013 L\u2019association a pour objet:<br>  \u2022 l\u2019organisation d\u2019activit\u00e9s li\u00e9es \u00e0 la pratique de l\u2019\u00e9quitation,  l\u2019\u00e9quitation adapt\u00e9e et le handisport : de cours, de recherche-action,  de comp\u00e9tition, de formation, d\u2019h\u00e9bergement d\u2019animaux, de soins aux  animaux, de revalidation d\u2019animaux, d\u2019\u00e9levage d\u2019animaux\u2026<br> \u2022 l\u2019organisation de cours, de formations, de recherche-action en mati\u00e8re de bien-\u00eatre animal et humain<br>  \u2022 l\u2019organisation de cours, de formations, de recherche-action en  mati\u00e8re d\u2019\u00e9co-citoyennet\u00e9 et \u00e9coconsommation, de protection et de  respect de la nature et l\u2019environnement<br> \u2022 l\u2019organisation d\u2019activit\u00e9s d\u2019\u00e9cotourisme et de tourisme vert, en particulier concernant la route transeurop\u00e9enne d\u2019Artagnan<br> Elle peut accomplir tous les actes se rapportant directement ou indirectement \u00e0 son objet.<br> Elle peut pr\u00eater son concours et s\u2019int\u00e9resser \u00e0 toute activit\u00e9 similaire \u00e0 son objet. <\/p>\n<\/div>\n\n\n\n<div class=\"wp-block-themeisle-blocks-advanced-column\" id=\"wp-block-themeisle-blocks-advanced-column-bcf4b921\">\n<h4 class=\"has-text-color wp-block-heading\" style=\"color:#36b6ec\"><strong>L\u2019historique <\/strong><\/h4>\n\n\n\n<p>Nous inscrivons d\u00e9sormais nos axes dans ceux d\u00e9finis par les Nations \nUnies avec la campagne d\u00e9veloppement durable. Nous y trouvons en effet \nla formalisation d\u2019objectifs qui nous sont chers et repr\u00e9sentent la \nresponsabilit\u00e9 soci\u00e9tale que nous souhaitons mettre en avant avec <strong>EcoRanch<\/strong>&nbsp;: \u00e9ducation de qualit\u00e9, consommation et production responsables, \u00e9nergie propre, parit\u00e9, inclusion, entre autres.<\/p>\n\n\n\n<h4 class=\"has-text-color wp-block-heading\" style=\"color:#1b89b8\"><strong>Les Fondateurs et Responsables de cellules<\/strong><\/h4>\n\n\n\n<p>Pr\u00e9sident : Jean-Fran\u00e7ois Thielen : <strong>ecoranch<\/strong>.jf.thielen@leschevaux.be<br>Vice-pr\u00e9sidente : Anne Bednarek &nbsp;: <strong>ecoranch<\/strong>.a.bednarek@leschevaux.be<br>Tr\u00e9sori\u00e8re&nbsp;: Anne Delleuze&nbsp;: <strong>ecoranch<\/strong>.a.delleuze@leschevaux.be<br>Secr\u00e9taire : Colline Legaz<br>ecoranch.C.legaz@leschevaux.be<\/p>\n\n\n\n<p>Responsable Cellule Communication : Delphine Gilman<\/p>\n\n\n\n<p>Responsable cellule Entreprises : Hermes Gerrienne <br>ecoranch.h.gerrienne@leschevaux.be<br>Responsable Cellule S\u00e9curit\u00e9\u00a0: Lorie Christophel\u00a0: <strong>ecoranch<\/strong>.l.christophel@leschevaux.be<br>Responsable Cellule Stages\/Animations : Alice Renard : <strong>ecoranch<\/strong>.a.renard@leschevaux.be<br>Responsable Cellule D\u00e9veloppement Durable\/Infra : Jean-Fran\u00e7ois Thielen<br>Responsable Cellule P\u00e9dagogie Sportive\/Bien-\u00eatre \u00e9quin : Anne Bednarek<br>Responsable Cellule Nature \u2013 Sciences de la Vie : Anne-Laure Geboes<br>Documentaliste : Fanny Lorenzoni : <strong>ecoranch<\/strong>.fanny.lorenzoni@leschevaux.be\u00a0\u00a0\u00a0\u00a0 <br>Et  bien s\u00fbr\u00a0 les volontaires et les aidants ponctuels : Sandra, Fr\u00e9d\u00e9ric, Micha\u00ebl, Laurence, Sarah, Marine, Christine, Oc\u00e9ane, Lydia, Alicia, Yaelle, Sandrine,  Jean-Pierre,\u00a0 \u2026.<\/p>\n\n\n\n<p>R\u00e8glement d\u2019ordre int\u00e9rieur : <a rel=\"noreferrer noopener\" href=\"http:\/\/leschevaux.be\/wp-content\/uploads\/2019\/07\/ROI-EREFP-1.pdf\" target=\"_blank\">http:\/\/leschevaux.be\/wp-content\/uploads\/2019\/07\/ROI-EREFP-1.pdf<\/a><\/p>\n<\/div>\n<\/div><\/div>\n","protected":false},"excerpt":{"rendered":"<p>Le projet \u00ab&nbsp;EcoRanch \u00bb est le fruit d\u2019une r\u00e9flexion rigoureuse [&hellip;]<\/p>\n","protected":false},"author":1,"featured_media":0,"parent":0,"menu_order":0,"comment_status":"closed","ping_status":"closed","template":"","meta":{"footnotes":""},"class_list":["post-376","page","type-page","status-publish","hentry"],"yoast_head":"<!-- This site is optimized with the Yoast SEO plugin v27.6 - https:\/\/yoast.com\/product\/yoast-seo-wordpress\/ -->\n<title>Notre asbl - Anouchka Bednarek Coaching - ABC asbl<\/title>\n<meta name=\"robots\" content=\"index, follow, max-snippet:-1, max-image-preview:large, max-video-preview:-1\" \/>\n<link rel=\"canonical\" href=\"https:\/\/leschevaux.be\/index.php\/notre-asbl\/\" \/>\n<meta property=\"og:locale\" content=\"fr_FR\" \/>\n<meta property=\"og:type\" content=\"article\" \/>\n<meta property=\"og:title\" content=\"Notre asbl - Anouchka Bednarek Coaching - ABC asbl\" \/>\n<meta property=\"og:description\" content=\"Le projet \u00ab&nbsp;EcoRanch \u00bb est le fruit d\u2019une r\u00e9flexion rigoureuse [&hellip;]\" \/>\n<meta property=\"og:url\" content=\"https:\/\/leschevaux.be\/index.php\/notre-asbl\/\" \/>\n<meta property=\"og:site_name\" content=\"Anouchka Bednarek Coaching - ABC asbl\" \/>\n<meta property=\"article:modified_time\" content=\"2021-02-20T18:29:32+00:00\" \/>\n<meta name=\"twitter:card\" content=\"summary_large_image\" \/>\n<meta name=\"twitter:label1\" content=\"Dur\u00e9e de lecture estim\u00e9e\" \/>\n\t<meta name=\"twitter:data1\" content=\"2 minutes\" \/>\n<script type=\"application\/ld+json\" class=\"yoast-schema-graph\">{\"@context\":\"https:\\\/\\\/schema.org\",\"@graph\":[{\"@type\":\"WebPage\",\"@id\":\"https:\\\/\\\/leschevaux.be\\\/index.php\\\/notre-asbl\\\/\",\"url\":\"https:\\\/\\\/leschevaux.be\\\/index.php\\\/notre-asbl\\\/\",\"name\":\"Notre asbl - Anouchka Bednarek Coaching - ABC asbl\",\"isPartOf\":{\"@id\":\"https:\\\/\\\/leschevaux.be\\\/#website\"},\"datePublished\":\"2019-07-10T21:58:22+00:00\",\"dateModified\":\"2021-02-20T18:29:32+00:00\",\"breadcrumb\":{\"@id\":\"https:\\\/\\\/leschevaux.be\\\/index.php\\\/notre-asbl\\\/#breadcrumb\"},\"inLanguage\":\"fr-FR\",\"potentialAction\":[{\"@type\":\"ReadAction\",\"target\":[\"https:\\\/\\\/leschevaux.be\\\/index.php\\\/notre-asbl\\\/\"]}]},{\"@type\":\"BreadcrumbList\",\"@id\":\"https:\\\/\\\/leschevaux.be\\\/index.php\\\/notre-asbl\\\/#breadcrumb\",\"itemListElement\":[{\"@type\":\"ListItem\",\"position\":1,\"name\":\"Accueil\",\"item\":\"https:\\\/\\\/leschevaux.be\\\/\"},{\"@type\":\"ListItem\",\"position\":2,\"name\":\"Notre asbl\"}]},{\"@type\":\"WebSite\",\"@id\":\"https:\\\/\\\/leschevaux.be\\\/#website\",\"url\":\"https:\\\/\\\/leschevaux.be\\\/\",\"name\":\"Anouchka Bednarek Coaching - ABC asbl\",\"description\":\"Horses Lovers Army- Slow equine education\",\"publisher\":{\"@id\":\"https:\\\/\\\/leschevaux.be\\\/#organization\"},\"potentialAction\":[{\"@type\":\"SearchAction\",\"target\":{\"@type\":\"EntryPoint\",\"urlTemplate\":\"https:\\\/\\\/leschevaux.be\\\/?s={search_term_string}\"},\"query-input\":{\"@type\":\"PropertyValueSpecification\",\"valueRequired\":true,\"valueName\":\"search_term_string\"}}],\"inLanguage\":\"fr-FR\"},{\"@type\":\"Organization\",\"@id\":\"https:\\\/\\\/leschevaux.be\\\/#organization\",\"name\":\"Anouchka Bednarek Coaching - ABC asbl\",\"url\":\"https:\\\/\\\/leschevaux.be\\\/\",\"logo\":{\"@type\":\"ImageObject\",\"inLanguage\":\"fr-FR\",\"@id\":\"https:\\\/\\\/leschevaux.be\\\/#\\\/schema\\\/logo\\\/image\\\/\",\"url\":\"https:\\\/\\\/leschevaux.be\\\/wp-content\\\/uploads\\\/2025\\\/06\\\/logos-abc-4-good-horses-etc-1-scaled.png\",\"contentUrl\":\"https:\\\/\\\/leschevaux.be\\\/wp-content\\\/uploads\\\/2025\\\/06\\\/logos-abc-4-good-horses-etc-1-scaled.png\",\"width\":2560,\"height\":959,\"caption\":\"Anouchka Bednarek Coaching - ABC asbl\"},\"image\":{\"@id\":\"https:\\\/\\\/leschevaux.be\\\/#\\\/schema\\\/logo\\\/image\\\/\"}}]}<\/script>\n<!-- \/ Yoast SEO plugin. -->","yoast_head_json":{"title":"Notre asbl - Anouchka Bednarek Coaching - ABC asbl","robots":{"index":"index","follow":"follow","max-snippet":"max-snippet:-1","max-image-preview":"max-image-preview:large","max-video-preview":"max-video-preview:-1"},"canonical":"https:\/\/leschevaux.be\/index.php\/notre-asbl\/","og_locale":"fr_FR","og_type":"article","og_title":"Notre asbl - Anouchka Bednarek Coaching - ABC asbl","og_description":"Le projet \u00ab&nbsp;EcoRanch \u00bb est le fruit d\u2019une r\u00e9flexion rigoureuse [&hellip;]","og_url":"https:\/\/leschevaux.be\/index.php\/notre-asbl\/","og_site_name":"Anouchka Bednarek Coaching - ABC asbl","article_modified_time":"2021-02-20T18:29:32+00:00","twitter_card":"summary_large_image","twitter_misc":{"Dur\u00e9e de lecture estim\u00e9e":"2 minutes"},"schema":{"@context":"https:\/\/schema.org","@graph":[{"@type":"WebPage","@id":"https:\/\/leschevaux.be\/index.php\/notre-asbl\/","url":"https:\/\/leschevaux.be\/index.php\/notre-asbl\/","name":"Notre asbl - Anouchka Bednarek Coaching - ABC asbl","isPartOf":{"@id":"https:\/\/leschevaux.be\/#website"},"datePublished":"2019-07-10T21:58:22+00:00","dateModified":"2021-02-20T18:29:32+00:00","breadcrumb":{"@id":"https:\/\/leschevaux.be\/index.php\/notre-asbl\/#breadcrumb"},"inLanguage":"fr-FR","potentialAction":[{"@type":"ReadAction","target":["https:\/\/leschevaux.be\/index.php\/notre-asbl\/"]}]},{"@type":"BreadcrumbList","@id":"https:\/\/leschevaux.be\/index.php\/notre-asbl\/#breadcrumb","itemListElement":[{"@type":"ListItem","position":1,"name":"Accueil","item":"https:\/\/leschevaux.be\/"},{"@type":"ListItem","position":2,"name":"Notre asbl"}]},{"@type":"WebSite","@id":"https:\/\/leschevaux.be\/#website","url":"https:\/\/leschevaux.be\/","name":"Anouchka Bednarek Coaching - ABC asbl","description":"Horses Lovers Army- Slow equine education","publisher":{"@id":"https:\/\/leschevaux.be\/#organization"},"potentialAction":[{"@type":"SearchAction","target":{"@type":"EntryPoint","urlTemplate":"https:\/\/leschevaux.be\/?s={search_term_string}"},"query-input":{"@type":"PropertyValueSpecification","valueRequired":true,"valueName":"search_term_string"}}],"inLanguage":"fr-FR"},{"@type":"Organization","@id":"https:\/\/leschevaux.be\/#organization","name":"Anouchka Bednarek Coaching - ABC asbl","url":"https:\/\/leschevaux.be\/","logo":{"@type":"ImageObject","inLanguage":"fr-FR","@id":"https:\/\/leschevaux.be\/#\/schema\/logo\/image\/","url":"https:\/\/leschevaux.be\/wp-content\/uploads\/2025\/06\/logos-abc-4-good-horses-etc-1-scaled.png","contentUrl":"https:\/\/leschevaux.be\/wp-content\/uploads\/2025\/06\/logos-abc-4-good-horses-etc-1-scaled.png","width":2560,"height":959,"caption":"Anouchka Bednarek Coaching - ABC asbl"},"image":{"@id":"https:\/\/leschevaux.be\/#\/schema\/logo\/image\/"}}]}},"_links":{"self":[{"href":"https:\/\/leschevaux.be\/index.php\/wp-json\/wp\/v2\/pages\/376","targetHints":{"allow":["GET"]}}],"collection":[{"href":"https:\/\/leschevaux.be\/index.php\/wp-json\/wp\/v2\/pages"}],"about":[{"href":"https:\/\/leschevaux.be\/index.php\/wp-json\/wp\/v2\/types\/page"}],"author":[{"embeddable":true,"href":"https:\/\/leschevaux.be\/index.php\/wp-json\/wp\/v2\/users\/1"}],"replies":[{"embeddable":true,"href":"https:\/\/leschevaux.be\/index.php\/wp-json\/wp\/v2\/comments?post=376"}],"version-history":[{"count":3,"href":"https:\/\/leschevaux.be\/index.php\/wp-json\/wp\/v2\/pages\/376\/revisions"}],"predecessor-version":[{"id":3901,"href":"https:\/\/leschevaux.be\/index.php\/wp-json\/wp\/v2\/pages\/376\/revisions\/3901"}],"wp:attachment":[{"href":"https:\/\/leschevaux.be\/index.php\/wp-json\/wp\/v2\/media?parent=376"}],"curies":[{"name":"wp","href":"https:\/\/api.w.org\/{rel}","templated":true}]}}