{"id":393,"date":"2019-07-11T00:28:34","date_gmt":"2019-07-10T22:28:34","guid":{"rendered":"http:\/\/leschevaux.be\/?page_id=393"},"modified":"2020-02-02T22:41:38","modified_gmt":"2020-02-02T21:41:38","slug":"anne-bednarek-4goodhorse-coaching","status":"publish","type":"page","link":"https:\/\/leschevaux.be\/index.php\/anne-bednarek-4goodhorse-coaching\/","title":{"rendered":"Coaching &#8211; Anne Bednarek"},"content":{"rendered":"\n<p><\/p>\n\n\n<p><!--StartFragment--><\/p>\n\n\n<p>Maman de 3 enfants, ancienne militaire, \u00e9crivain, sommeli\u00e8re en th\u00e9s \u2013 tea master, &nbsp; impliqu\u00e9e quelques ann\u00e9es dans la vie associative en secteur p\u00e9rinatal, un peu hyperactive, curieuse.<br> Je suis n\u00e9e avec le virus des chevaux puis suis devenue passionn\u00e9e de culture \u00e9questre et de p\u00e9dagogie.<br> Apr\u00e8s plus de trente ann\u00e9es d\u2019\u00e9quitation classique, j\u2019ai d\u00e9couvert&nbsp; l\u2019\u00e9quitation western et ses richesses .<br> Equitation technique et exigeante mais dont la philosophie est color\u00e9e de d\u00e9tente, de justesse relationnelle \u00e0 l\u2019animal, de simplicit\u00e9 et convivialit\u00e9, de sentiment de s\u00e9curit\u00e9.<br> J\u2019y ai appris notamment qu\u2019en mati\u00e8re de dialogue avec les chevaux, le \u00ab&nbsp;savoir-\u00eatre&nbsp;\u00bb a la priorit\u00e9 sur le \u00ab&nbsp;savoir-faire&nbsp;\u00bb. Ou tout au moins, l\u2019un nuit sans l\u2019autre. Aussi l&rsquo;axe coaching de Vie \u00e0 une place essentielle dans mes cours.<br>Je m\u2019investis de plus en plus dans l\u2019accompagnement de personnes atteintes de d\u00e9ficiences, aupr\u00e8s de celles en recherche de mieux-\u00eatre et encore celles qui souhaitent une remise en confiance, (re)travailler les bases relationnelles et \u00e9ducatives avec leur cheval et\/ou d\u00e9couvrir de nouveaux axes de plaisirs \u00e9questres. <br>Outre les cours au sein de notre poney-club, je me d\u00e9place \u00e0 domicile et viens en renfort des \u00e9quipes p\u00e9dagogies en centre \u00e9questre (avec ou sans r\u00e9daction de programme p\u00e9dagogique sp\u00e9cifique).<\/p>\n\n\n\n<p>Stages et cours de :<\/p>\n\n\n\n<ul class=\"wp-block-list\"><li>travail au sol et mont\u00e9 (western -> animateur sportif \/ classique -> \u00e9trier d&rsquo;or)<\/li><li>remise en confiance<\/li><li>maniabilit\u00e9 (trail, pr\u00e9paration \u00e0 l&rsquo;ext\u00e9rieur &#8230;)<\/li><li>\u00e9ducation et bien-\u00eatre \u00e9quin\/humain<\/li><li>Bilans et programmes personnalis\u00e9s  (coaching)<\/li><li>handisports<\/li><\/ul>\n\n\n\n<p>Mes comp\u00e9tences : <br>Monitrice brevet\u00e9e :<br> \u2013 Animateur sportif adeps \u00e9quitation am\u00e9ricaine et \u00e9quitation classique<br> \u2013 Initiateur sportif adeps g\u00e9n\u00e9raliste \u00e9quitation \u2013 en finalisation du brevet sp\u00e9cifique western<br> \u2013 Tronc commun en activit\u00e9s physiques adapt\u00e9es (APSA) \u2013 Ligue Francophone handisports +  MSI Goalball (en cours)<br> \u2013 Educateur sportif adeps (tronc commun)<br>&#8211; Module Adeps &#8211; LEWB \u00e9ducateur &#8211; Psychologie du sport<\/p>\n\n\n\n<p> \u2013 Equitation physiologique (formation 1 an \u2013 IEPS wallonie-BXL)<br> \u2013 3\u00e8me degr\u00e9 th\u00e9orique \u00e9thologie \u00e9quine FFE<br> \u2013 Gestionnaire adeps de club sportif<br> \u2013 1er soins en milieu sportif \u2013 lfbs<\/p>\n\n\n\n<p>Autres formations suivies plic-ploc&nbsp; :<br>\nEquigymnastique, Equimotricit\u00e9 (c), Corps \u00e0 Corps, Hippoth\u00e9rapie et \u00e9quitation adapt\u00e9e (chevaux du bonheur\/Ulg), saddlefitting, bases de PNL, bases Ecoute Active, Bases Sophrologie, Formation instructrice Massages b\u00e9b\u00e9, animation de groupes de parole self help en perinatalit\u00e9 et deuil p\u00e9rinatal, \u2026<\/p>\n\n\n<p><!--EndFragment--><\/p>\n\n\n<figure class=\"wp-block-gallery columns-3 is-cropped wp-block-gallery-1 is-layout-flex wp-block-gallery-is-layout-flex\"><ul class=\"blocks-gallery-grid\"><li class=\"blocks-gallery-item\"><figure><img fetchpriority=\"high\" decoding=\"async\" width=\"725\" height=\"1024\" src=\"http:\/\/leschevaux.be\/wp-content\/uploads\/2019\/07\/65992430_669636230182864_7434649420861276160_o-725x1024.jpg\" alt=\"\" data-id=\"64\" data-link=\"http:\/\/leschevaux.be\/65992430_669636230182864_7434649420861276160_o\/\" class=\"wp-image-64\" srcset=\"https:\/\/leschevaux.be\/wp-content\/uploads\/2019\/07\/65992430_669636230182864_7434649420861276160_o-725x1024.jpg 725w, https:\/\/leschevaux.be\/wp-content\/uploads\/2019\/07\/65992430_669636230182864_7434649420861276160_o-600x848.jpg 600w, https:\/\/leschevaux.be\/wp-content\/uploads\/2019\/07\/65992430_669636230182864_7434649420861276160_o-212x300.jpg 212w, https:\/\/leschevaux.be\/wp-content\/uploads\/2019\/07\/65992430_669636230182864_7434649420861276160_o-768x1085.jpg 768w, https:\/\/leschevaux.be\/wp-content\/uploads\/2019\/07\/65992430_669636230182864_7434649420861276160_o.jpg 1240w\" sizes=\"(max-width: 725px) 100vw, 725px\" \/><\/figure><\/li><li class=\"blocks-gallery-item\"><figure><img decoding=\"async\" width=\"683\" height=\"1024\" src=\"http:\/\/leschevaux.be\/wp-content\/uploads\/2019\/07\/17311308_10155007619765429_547117766732092875_o1-683x1024.jpg\" alt=\"\" data-id=\"394\" data-link=\"http:\/\/leschevaux.be\/index.php\/monitrice-dequitation-principale\/17311308_10155007619765429_547117766732092875_o1\/\" class=\"wp-image-394\" srcset=\"https:\/\/leschevaux.be\/wp-content\/uploads\/2019\/07\/17311308_10155007619765429_547117766732092875_o1-683x1024.jpg 683w, https:\/\/leschevaux.be\/wp-content\/uploads\/2019\/07\/17311308_10155007619765429_547117766732092875_o1-600x900.jpg 600w, https:\/\/leschevaux.be\/wp-content\/uploads\/2019\/07\/17311308_10155007619765429_547117766732092875_o1-200x300.jpg 200w, https:\/\/leschevaux.be\/wp-content\/uploads\/2019\/07\/17311308_10155007619765429_547117766732092875_o1-768x1152.jpg 768w, https:\/\/leschevaux.be\/wp-content\/uploads\/2019\/07\/17311308_10155007619765429_547117766732092875_o1-400x600.jpg 400w, https:\/\/leschevaux.be\/wp-content\/uploads\/2019\/07\/17311308_10155007619765429_547117766732092875_o1.jpg 1000w\" sizes=\"(max-width: 683px) 100vw, 683px\" \/><\/figure><\/li><li class=\"blocks-gallery-item\"><figure><img decoding=\"async\" width=\"1024\" height=\"684\" src=\"http:\/\/leschevaux.be\/wp-content\/uploads\/2019\/07\/DSC_0990-1024x684.jpg\" alt=\"\" data-id=\"383\" data-link=\"http:\/\/leschevaux.be\/index.php\/notre-asbl\/dsc_0990\/\" class=\"wp-image-383\" srcset=\"https:\/\/leschevaux.be\/wp-content\/uploads\/2019\/07\/DSC_0990-1024x684.jpg 1024w, https:\/\/leschevaux.be\/wp-content\/uploads\/2019\/07\/DSC_0990-600x400.jpg 600w, https:\/\/leschevaux.be\/wp-content\/uploads\/2019\/07\/DSC_0990-300x200.jpg 300w, https:\/\/leschevaux.be\/wp-content\/uploads\/2019\/07\/DSC_0990-768x513.jpg 768w, https:\/\/leschevaux.be\/wp-content\/uploads\/2019\/07\/DSC_0990-400x267.jpg 400w, https:\/\/leschevaux.be\/wp-content\/uploads\/2019\/07\/DSC_0990.jpg 2048w\" sizes=\"(max-width: 1024px) 100vw, 1024px\" \/><\/figure><\/li><\/ul><\/figure>\n","protected":false},"excerpt":{"rendered":"<p>Maman de 3 enfants, ancienne militaire, \u00e9crivain, sommeli\u00e8re en th\u00e9s [&hellip;]<\/p>\n","protected":false},"author":1,"featured_media":0,"parent":0,"menu_order":0,"comment_status":"closed","ping_status":"closed","template":"","meta":{"footnotes":""},"class_list":["post-393","page","type-page","status-publish","hentry"],"yoast_head":"<!-- This site is optimized with the Yoast SEO plugin v27.6 - https:\/\/yoast.com\/product\/yoast-seo-wordpress\/ -->\n<title>Coaching - Anne Bednarek - Anouchka Bednarek Coaching - ABC asbl<\/title>\n<meta name=\"description\" content=\"Coach sportif \u00e9quitation - monitrice d&#039;\u00e9quitation brevet\u00e9e - Esneux - Li\u00e8ge - stages et cours \u00e0 domicile\" \/>\n<meta name=\"robots\" content=\"index, follow, max-snippet:-1, max-image-preview:large, max-video-preview:-1\" \/>\n<link rel=\"canonical\" href=\"https:\/\/leschevaux.be\/index.php\/anne-bednarek-4goodhorse-coaching\/\" \/>\n<meta property=\"og:locale\" content=\"fr_FR\" \/>\n<meta property=\"og:type\" content=\"article\" \/>\n<meta property=\"og:title\" content=\"Coaching - Anne Bednarek - Anouchka Bednarek Coaching - ABC asbl\" \/>\n<meta property=\"og:description\" content=\"Coach sportif \u00e9quitation - monitrice d&#039;\u00e9quitation brevet\u00e9e - Esneux - Li\u00e8ge - stages et cours \u00e0 domicile\" \/>\n<meta property=\"og:url\" content=\"https:\/\/leschevaux.be\/index.php\/anne-bednarek-4goodhorse-coaching\/\" \/>\n<meta property=\"og:site_name\" content=\"Anouchka Bednarek Coaching - ABC asbl\" \/>\n<meta property=\"article:modified_time\" content=\"2020-02-02T21:41:38+00:00\" \/>\n<meta property=\"og:image\" content=\"http:\/\/leschevaux.be\/wp-content\/uploads\/2019\/07\/65992430_669636230182864_7434649420861276160_o-725x1024.jpg\" \/>\n<meta name=\"twitter:card\" content=\"summary_large_image\" \/>\n<meta name=\"twitter:label1\" content=\"Dur\u00e9e de lecture estim\u00e9e\" \/>\n\t<meta name=\"twitter:data1\" content=\"2 minutes\" \/>\n<script type=\"application\/ld+json\" class=\"yoast-schema-graph\">{\"@context\":\"https:\\\/\\\/schema.org\",\"@graph\":[{\"@type\":\"WebPage\",\"@id\":\"https:\\\/\\\/leschevaux.be\\\/index.php\\\/anne-bednarek-4goodhorse-coaching\\\/\",\"url\":\"https:\\\/\\\/leschevaux.be\\\/index.php\\\/anne-bednarek-4goodhorse-coaching\\\/\",\"name\":\"Coaching - Anne Bednarek - Anouchka Bednarek Coaching - ABC asbl\",\"isPartOf\":{\"@id\":\"https:\\\/\\\/leschevaux.be\\\/#website\"},\"primaryImageOfPage\":{\"@id\":\"https:\\\/\\\/leschevaux.be\\\/index.php\\\/anne-bednarek-4goodhorse-coaching\\\/#primaryimage\"},\"image\":{\"@id\":\"https:\\\/\\\/leschevaux.be\\\/index.php\\\/anne-bednarek-4goodhorse-coaching\\\/#primaryimage\"},\"thumbnailUrl\":\"http:\\\/\\\/leschevaux.be\\\/wp-content\\\/uploads\\\/2019\\\/07\\\/65992430_669636230182864_7434649420861276160_o-725x1024.jpg\",\"datePublished\":\"2019-07-10T22:28:34+00:00\",\"dateModified\":\"2020-02-02T21:41:38+00:00\",\"description\":\"Coach sportif \u00e9quitation - monitrice d'\u00e9quitation brevet\u00e9e - Esneux - Li\u00e8ge - stages et cours \u00e0 domicile\",\"breadcrumb\":{\"@id\":\"https:\\\/\\\/leschevaux.be\\\/index.php\\\/anne-bednarek-4goodhorse-coaching\\\/#breadcrumb\"},\"inLanguage\":\"fr-FR\",\"potentialAction\":[{\"@type\":\"ReadAction\",\"target\":[\"https:\\\/\\\/leschevaux.be\\\/index.php\\\/anne-bednarek-4goodhorse-coaching\\\/\"]}]},{\"@type\":\"ImageObject\",\"inLanguage\":\"fr-FR\",\"@id\":\"https:\\\/\\\/leschevaux.be\\\/index.php\\\/anne-bednarek-4goodhorse-coaching\\\/#primaryimage\",\"url\":\"http:\\\/\\\/leschevaux.be\\\/wp-content\\\/uploads\\\/2019\\\/07\\\/65992430_669636230182864_7434649420861276160_o-725x1024.jpg\",\"contentUrl\":\"http:\\\/\\\/leschevaux.be\\\/wp-content\\\/uploads\\\/2019\\\/07\\\/65992430_669636230182864_7434649420861276160_o-725x1024.jpg\"},{\"@type\":\"BreadcrumbList\",\"@id\":\"https:\\\/\\\/leschevaux.be\\\/index.php\\\/anne-bednarek-4goodhorse-coaching\\\/#breadcrumb\",\"itemListElement\":[{\"@type\":\"ListItem\",\"position\":1,\"name\":\"Accueil\",\"item\":\"https:\\\/\\\/leschevaux.be\\\/\"},{\"@type\":\"ListItem\",\"position\":2,\"name\":\"Coaching &#8211; Anne Bednarek\"}]},{\"@type\":\"WebSite\",\"@id\":\"https:\\\/\\\/leschevaux.be\\\/#website\",\"url\":\"https:\\\/\\\/leschevaux.be\\\/\",\"name\":\"Anouchka Bednarek Coaching - ABC asbl\",\"description\":\"Horses Lovers Army- Slow equine education\",\"publisher\":{\"@id\":\"https:\\\/\\\/leschevaux.be\\\/#organization\"},\"potentialAction\":[{\"@type\":\"SearchAction\",\"target\":{\"@type\":\"EntryPoint\",\"urlTemplate\":\"https:\\\/\\\/leschevaux.be\\\/?s={search_term_string}\"},\"query-input\":{\"@type\":\"PropertyValueSpecification\",\"valueRequired\":true,\"valueName\":\"search_term_string\"}}],\"inLanguage\":\"fr-FR\"},{\"@type\":\"Organization\",\"@id\":\"https:\\\/\\\/leschevaux.be\\\/#organization\",\"name\":\"Anouchka Bednarek Coaching - ABC asbl\",\"url\":\"https:\\\/\\\/leschevaux.be\\\/\",\"logo\":{\"@type\":\"ImageObject\",\"inLanguage\":\"fr-FR\",\"@id\":\"https:\\\/\\\/leschevaux.be\\\/#\\\/schema\\\/logo\\\/image\\\/\",\"url\":\"https:\\\/\\\/leschevaux.be\\\/wp-content\\\/uploads\\\/2025\\\/06\\\/logos-abc-4-good-horses-etc-1-scaled.png\",\"contentUrl\":\"https:\\\/\\\/leschevaux.be\\\/wp-content\\\/uploads\\\/2025\\\/06\\\/logos-abc-4-good-horses-etc-1-scaled.png\",\"width\":2560,\"height\":959,\"caption\":\"Anouchka Bednarek Coaching - ABC asbl\"},\"image\":{\"@id\":\"https:\\\/\\\/leschevaux.be\\\/#\\\/schema\\\/logo\\\/image\\\/\"}}]}<\/script>\n<!-- \/ Yoast SEO plugin. -->","yoast_head_json":{"title":"Coaching - Anne Bednarek - Anouchka Bednarek Coaching - ABC asbl","description":"Coach sportif \u00e9quitation - monitrice d'\u00e9quitation brevet\u00e9e - Esneux - Li\u00e8ge - stages et cours \u00e0 domicile","robots":{"index":"index","follow":"follow","max-snippet":"max-snippet:-1","max-image-preview":"max-image-preview:large","max-video-preview":"max-video-preview:-1"},"canonical":"https:\/\/leschevaux.be\/index.php\/anne-bednarek-4goodhorse-coaching\/","og_locale":"fr_FR","og_type":"article","og_title":"Coaching - Anne Bednarek - Anouchka Bednarek Coaching - ABC asbl","og_description":"Coach sportif \u00e9quitation - monitrice d'\u00e9quitation brevet\u00e9e - Esneux - Li\u00e8ge - stages et cours \u00e0 domicile","og_url":"https:\/\/leschevaux.be\/index.php\/anne-bednarek-4goodhorse-coaching\/","og_site_name":"Anouchka Bednarek Coaching - ABC asbl","article_modified_time":"2020-02-02T21:41:38+00:00","og_image":[{"url":"http:\/\/leschevaux.be\/wp-content\/uploads\/2019\/07\/65992430_669636230182864_7434649420861276160_o-725x1024.jpg","type":"","width":"","height":""}],"twitter_card":"summary_large_image","twitter_misc":{"Dur\u00e9e de lecture estim\u00e9e":"2 minutes"},"schema":{"@context":"https:\/\/schema.org","@graph":[{"@type":"WebPage","@id":"https:\/\/leschevaux.be\/index.php\/anne-bednarek-4goodhorse-coaching\/","url":"https:\/\/leschevaux.be\/index.php\/anne-bednarek-4goodhorse-coaching\/","name":"Coaching - Anne Bednarek - Anouchka Bednarek Coaching - ABC asbl","isPartOf":{"@id":"https:\/\/leschevaux.be\/#website"},"primaryImageOfPage":{"@id":"https:\/\/leschevaux.be\/index.php\/anne-bednarek-4goodhorse-coaching\/#primaryimage"},"image":{"@id":"https:\/\/leschevaux.be\/index.php\/anne-bednarek-4goodhorse-coaching\/#primaryimage"},"thumbnailUrl":"http:\/\/leschevaux.be\/wp-content\/uploads\/2019\/07\/65992430_669636230182864_7434649420861276160_o-725x1024.jpg","datePublished":"2019-07-10T22:28:34+00:00","dateModified":"2020-02-02T21:41:38+00:00","description":"Coach sportif \u00e9quitation - monitrice d'\u00e9quitation brevet\u00e9e - Esneux - Li\u00e8ge - stages et cours \u00e0 domicile","breadcrumb":{"@id":"https:\/\/leschevaux.be\/index.php\/anne-bednarek-4goodhorse-coaching\/#breadcrumb"},"inLanguage":"fr-FR","potentialAction":[{"@type":"ReadAction","target":["https:\/\/leschevaux.be\/index.php\/anne-bednarek-4goodhorse-coaching\/"]}]},{"@type":"ImageObject","inLanguage":"fr-FR","@id":"https:\/\/leschevaux.be\/index.php\/anne-bednarek-4goodhorse-coaching\/#primaryimage","url":"http:\/\/leschevaux.be\/wp-content\/uploads\/2019\/07\/65992430_669636230182864_7434649420861276160_o-725x1024.jpg","contentUrl":"http:\/\/leschevaux.be\/wp-content\/uploads\/2019\/07\/65992430_669636230182864_7434649420861276160_o-725x1024.jpg"},{"@type":"BreadcrumbList","@id":"https:\/\/leschevaux.be\/index.php\/anne-bednarek-4goodhorse-coaching\/#breadcrumb","itemListElement":[{"@type":"ListItem","position":1,"name":"Accueil","item":"https:\/\/leschevaux.be\/"},{"@type":"ListItem","position":2,"name":"Coaching &#8211; Anne Bednarek"}]},{"@type":"WebSite","@id":"https:\/\/leschevaux.be\/#website","url":"https:\/\/leschevaux.be\/","name":"Anouchka Bednarek Coaching - ABC asbl","description":"Horses Lovers Army- Slow equine education","publisher":{"@id":"https:\/\/leschevaux.be\/#organization"},"potentialAction":[{"@type":"SearchAction","target":{"@type":"EntryPoint","urlTemplate":"https:\/\/leschevaux.be\/?s={search_term_string}"},"query-input":{"@type":"PropertyValueSpecification","valueRequired":true,"valueName":"search_term_string"}}],"inLanguage":"fr-FR"},{"@type":"Organization","@id":"https:\/\/leschevaux.be\/#organization","name":"Anouchka Bednarek Coaching - ABC asbl","url":"https:\/\/leschevaux.be\/","logo":{"@type":"ImageObject","inLanguage":"fr-FR","@id":"https:\/\/leschevaux.be\/#\/schema\/logo\/image\/","url":"https:\/\/leschevaux.be\/wp-content\/uploads\/2025\/06\/logos-abc-4-good-horses-etc-1-scaled.png","contentUrl":"https:\/\/leschevaux.be\/wp-content\/uploads\/2025\/06\/logos-abc-4-good-horses-etc-1-scaled.png","width":2560,"height":959,"caption":"Anouchka Bednarek Coaching - ABC asbl"},"image":{"@id":"https:\/\/leschevaux.be\/#\/schema\/logo\/image\/"}}]}},"_links":{"self":[{"href":"https:\/\/leschevaux.be\/index.php\/wp-json\/wp\/v2\/pages\/393","targetHints":{"allow":["GET"]}}],"collection":[{"href":"https:\/\/leschevaux.be\/index.php\/wp-json\/wp\/v2\/pages"}],"about":[{"href":"https:\/\/leschevaux.be\/index.php\/wp-json\/wp\/v2\/types\/page"}],"author":[{"embeddable":true,"href":"https:\/\/leschevaux.be\/index.php\/wp-json\/wp\/v2\/users\/1"}],"replies":[{"embeddable":true,"href":"https:\/\/leschevaux.be\/index.php\/wp-json\/wp\/v2\/comments?post=393"}],"version-history":[{"count":13,"href":"https:\/\/leschevaux.be\/index.php\/wp-json\/wp\/v2\/pages\/393\/revisions"}],"predecessor-version":[{"id":3340,"href":"https:\/\/leschevaux.be\/index.php\/wp-json\/wp\/v2\/pages\/393\/revisions\/3340"}],"wp:attachment":[{"href":"https:\/\/leschevaux.be\/index.php\/wp-json\/wp\/v2\/media?parent=393"}],"curies":[{"name":"wp","href":"https:\/\/api.w.org\/{rel}","templated":true}]}}