{"id":4350,"date":"2023-09-01T07:18:07","date_gmt":"2023-09-01T05:18:07","guid":{"rendered":"https:\/\/leschevaux.be\/?page_id=4350"},"modified":"2023-09-01T07:18:08","modified_gmt":"2023-09-01T05:18:08","slug":"stages-2023","status":"publish","type":"page","link":"https:\/\/leschevaux.be\/index.php\/stages-2023\/","title":{"rendered":"Stages 2023"},"content":{"rendered":"\t\t<div class=\"ife_archive row_grid\" data-paged=\"1\" data-shortcode='{\"col\":2,\"posts_per_page\":12,\"past_events\":false,\"start_date\":\"\",\"end_date\":\"\",\"order\":\"ASC\",\"orderby\":\"event_start_date\",\"layout\":\"\"}'>\n\t\t\tAucun \u00e9v\u00e9nement n&#039;a \u00e9t\u00e9 trouv\u00e9.\t\t<\/div>\n\t\t<style type=\"text\/css\">\n\t\t\t.ife_event .event_date{\n\t\t\t\tbackground-color: #039ED7;\n\t\t\t}\n\t\t\t.ife_event .event_desc .event_title{\n\t\t\t\tcolor: #039ED7;\n\t\t\t}\n\t\t<\/style>\n\t\t","protected":false},"excerpt":{"rendered":"","protected":false},"author":1,"featured_media":0,"parent":0,"menu_order":0,"comment_status":"closed","ping_status":"closed","template":"","meta":{"footnotes":""},"class_list":["post-4350","page","type-page","status-publish","hentry"],"yoast_head":"<!-- This site is optimized with the Yoast SEO plugin v27.5 - https:\/\/yoast.com\/product\/yoast-seo-wordpress\/ -->\n<title>Stages 2023 - Anouchka Bednarek Coaching - ABC asbl<\/title>\n<meta name=\"robots\" content=\"index, follow, max-snippet:-1, max-image-preview:large, max-video-preview:-1\" \/>\n<link rel=\"canonical\" href=\"https:\/\/leschevaux.be\/index.php\/stages-2023\/\" \/>\n<meta property=\"og:locale\" content=\"fr_FR\" \/>\n<meta property=\"og:type\" content=\"article\" \/>\n<meta property=\"og:title\" content=\"Stages 2023 - Anouchka Bednarek Coaching - ABC asbl\" \/>\n<meta property=\"og:url\" content=\"https:\/\/leschevaux.be\/index.php\/stages-2023\/\" \/>\n<meta property=\"og:site_name\" content=\"Anouchka Bednarek Coaching - ABC asbl\" \/>\n<meta property=\"article:modified_time\" content=\"2023-09-01T05:18:08+00:00\" \/>\n<meta name=\"twitter:card\" content=\"summary_large_image\" \/>\n<script type=\"application\/ld+json\" class=\"yoast-schema-graph\">{\"@context\":\"https:\\\/\\\/schema.org\",\"@graph\":[{\"@type\":\"WebPage\",\"@id\":\"https:\\\/\\\/leschevaux.be\\\/index.php\\\/stages-2023\\\/\",\"url\":\"https:\\\/\\\/leschevaux.be\\\/index.php\\\/stages-2023\\\/\",\"name\":\"Stages 2023 - Anouchka Bednarek Coaching - ABC asbl\",\"isPartOf\":{\"@id\":\"https:\\\/\\\/leschevaux.be\\\/#website\"},\"datePublished\":\"2023-09-01T05:18:07+00:00\",\"dateModified\":\"2023-09-01T05:18:08+00:00\",\"breadcrumb\":{\"@id\":\"https:\\\/\\\/leschevaux.be\\\/index.php\\\/stages-2023\\\/#breadcrumb\"},\"inLanguage\":\"fr-FR\",\"potentialAction\":[{\"@type\":\"ReadAction\",\"target\":[\"https:\\\/\\\/leschevaux.be\\\/index.php\\\/stages-2023\\\/\"]}]},{\"@type\":\"BreadcrumbList\",\"@id\":\"https:\\\/\\\/leschevaux.be\\\/index.php\\\/stages-2023\\\/#breadcrumb\",\"itemListElement\":[{\"@type\":\"ListItem\",\"position\":1,\"name\":\"Accueil\",\"item\":\"https:\\\/\\\/leschevaux.be\\\/\"},{\"@type\":\"ListItem\",\"position\":2,\"name\":\"Stages 2023\"}]},{\"@type\":\"WebSite\",\"@id\":\"https:\\\/\\\/leschevaux.be\\\/#website\",\"url\":\"https:\\\/\\\/leschevaux.be\\\/\",\"name\":\"Anouchka Bednarek Coaching - ABC asbl\",\"description\":\"Horses Lovers Army- Slow equine education\",\"publisher\":{\"@id\":\"https:\\\/\\\/leschevaux.be\\\/#organization\"},\"potentialAction\":[{\"@type\":\"SearchAction\",\"target\":{\"@type\":\"EntryPoint\",\"urlTemplate\":\"https:\\\/\\\/leschevaux.be\\\/?s={search_term_string}\"},\"query-input\":{\"@type\":\"PropertyValueSpecification\",\"valueRequired\":true,\"valueName\":\"search_term_string\"}}],\"inLanguage\":\"fr-FR\"},{\"@type\":\"Organization\",\"@id\":\"https:\\\/\\\/leschevaux.be\\\/#organization\",\"name\":\"Anouchka Bednarek Coaching - ABC asbl\",\"url\":\"https:\\\/\\\/leschevaux.be\\\/\",\"logo\":{\"@type\":\"ImageObject\",\"inLanguage\":\"fr-FR\",\"@id\":\"https:\\\/\\\/leschevaux.be\\\/#\\\/schema\\\/logo\\\/image\\\/\",\"url\":\"https:\\\/\\\/leschevaux.be\\\/wp-content\\\/uploads\\\/2025\\\/06\\\/logos-abc-4-good-horses-etc-1-scaled.png\",\"contentUrl\":\"https:\\\/\\\/leschevaux.be\\\/wp-content\\\/uploads\\\/2025\\\/06\\\/logos-abc-4-good-horses-etc-1-scaled.png\",\"width\":2560,\"height\":959,\"caption\":\"Anouchka Bednarek Coaching - ABC asbl\"},\"image\":{\"@id\":\"https:\\\/\\\/leschevaux.be\\\/#\\\/schema\\\/logo\\\/image\\\/\"}}]}<\/script>\n<!-- \/ Yoast SEO plugin. -->","yoast_head_json":{"title":"Stages 2023 - Anouchka Bednarek Coaching - ABC asbl","robots":{"index":"index","follow":"follow","max-snippet":"max-snippet:-1","max-image-preview":"max-image-preview:large","max-video-preview":"max-video-preview:-1"},"canonical":"https:\/\/leschevaux.be\/index.php\/stages-2023\/","og_locale":"fr_FR","og_type":"article","og_title":"Stages 2023 - Anouchka Bednarek Coaching - ABC asbl","og_url":"https:\/\/leschevaux.be\/index.php\/stages-2023\/","og_site_name":"Anouchka Bednarek Coaching - ABC asbl","article_modified_time":"2023-09-01T05:18:08+00:00","twitter_card":"summary_large_image","schema":{"@context":"https:\/\/schema.org","@graph":[{"@type":"WebPage","@id":"https:\/\/leschevaux.be\/index.php\/stages-2023\/","url":"https:\/\/leschevaux.be\/index.php\/stages-2023\/","name":"Stages 2023 - Anouchka Bednarek Coaching - ABC asbl","isPartOf":{"@id":"https:\/\/leschevaux.be\/#website"},"datePublished":"2023-09-01T05:18:07+00:00","dateModified":"2023-09-01T05:18:08+00:00","breadcrumb":{"@id":"https:\/\/leschevaux.be\/index.php\/stages-2023\/#breadcrumb"},"inLanguage":"fr-FR","potentialAction":[{"@type":"ReadAction","target":["https:\/\/leschevaux.be\/index.php\/stages-2023\/"]}]},{"@type":"BreadcrumbList","@id":"https:\/\/leschevaux.be\/index.php\/stages-2023\/#breadcrumb","itemListElement":[{"@type":"ListItem","position":1,"name":"Accueil","item":"https:\/\/leschevaux.be\/"},{"@type":"ListItem","position":2,"name":"Stages 2023"}]},{"@type":"WebSite","@id":"https:\/\/leschevaux.be\/#website","url":"https:\/\/leschevaux.be\/","name":"Anouchka Bednarek Coaching - ABC asbl","description":"Horses Lovers Army- Slow equine education","publisher":{"@id":"https:\/\/leschevaux.be\/#organization"},"potentialAction":[{"@type":"SearchAction","target":{"@type":"EntryPoint","urlTemplate":"https:\/\/leschevaux.be\/?s={search_term_string}"},"query-input":{"@type":"PropertyValueSpecification","valueRequired":true,"valueName":"search_term_string"}}],"inLanguage":"fr-FR"},{"@type":"Organization","@id":"https:\/\/leschevaux.be\/#organization","name":"Anouchka Bednarek Coaching - ABC asbl","url":"https:\/\/leschevaux.be\/","logo":{"@type":"ImageObject","inLanguage":"fr-FR","@id":"https:\/\/leschevaux.be\/#\/schema\/logo\/image\/","url":"https:\/\/leschevaux.be\/wp-content\/uploads\/2025\/06\/logos-abc-4-good-horses-etc-1-scaled.png","contentUrl":"https:\/\/leschevaux.be\/wp-content\/uploads\/2025\/06\/logos-abc-4-good-horses-etc-1-scaled.png","width":2560,"height":959,"caption":"Anouchka Bednarek Coaching - ABC asbl"},"image":{"@id":"https:\/\/leschevaux.be\/#\/schema\/logo\/image\/"}}]}},"_links":{"self":[{"href":"https:\/\/leschevaux.be\/index.php\/wp-json\/wp\/v2\/pages\/4350","targetHints":{"allow":["GET"]}}],"collection":[{"href":"https:\/\/leschevaux.be\/index.php\/wp-json\/wp\/v2\/pages"}],"about":[{"href":"https:\/\/leschevaux.be\/index.php\/wp-json\/wp\/v2\/types\/page"}],"author":[{"embeddable":true,"href":"https:\/\/leschevaux.be\/index.php\/wp-json\/wp\/v2\/users\/1"}],"replies":[{"embeddable":true,"href":"https:\/\/leschevaux.be\/index.php\/wp-json\/wp\/v2\/comments?post=4350"}],"version-history":[{"count":1,"href":"https:\/\/leschevaux.be\/index.php\/wp-json\/wp\/v2\/pages\/4350\/revisions"}],"predecessor-version":[{"id":4351,"href":"https:\/\/leschevaux.be\/index.php\/wp-json\/wp\/v2\/pages\/4350\/revisions\/4351"}],"wp:attachment":[{"href":"https:\/\/leschevaux.be\/index.php\/wp-json\/wp\/v2\/media?parent=4350"}],"curies":[{"name":"wp","href":"https:\/\/api.w.org\/{rel}","templated":true}]}}