{"id":4396,"date":"2025-01-09T06:29:44","date_gmt":"2025-01-09T05:29:44","guid":{"rendered":"https:\/\/leschevaux.be\/?page_id=4396"},"modified":"2025-07-29T14:22:40","modified_gmt":"2025-07-29T12:22:40","slug":"anouchka-bednarek-coaching-asbl","status":"publish","type":"page","link":"https:\/\/leschevaux.be\/","title":{"rendered":"Anouchka Bednarek Coaching asbl"},"content":{"rendered":"\t\t<div data-elementor-type=\"wp-page\" data-elementor-id=\"4396\" class=\"elementor elementor-4396\">\n\t\t\t\t\t\t<section class=\"elementor-section elementor-top-section elementor-element elementor-element-da6bb8d elementor-section-boxed elementor-section-height-default elementor-section-height-default\" data-id=\"da6bb8d\" data-element_type=\"section\" data-e-type=\"section\">\n\t\t\t\t\t\t<div class=\"elementor-container elementor-column-gap-default\">\n\t\t\t\t\t<div class=\"elementor-column elementor-col-100 elementor-top-column elementor-element elementor-element-f99c462\" data-id=\"f99c462\" data-element_type=\"column\" data-e-type=\"column\">\n\t\t\t<div class=\"elementor-widget-wrap elementor-element-populated\">\n\t\t\t\t\t\t<section class=\"elementor-section elementor-inner-section elementor-element elementor-element-11c9704 elementor-section-boxed elementor-section-height-default elementor-section-height-default\" data-id=\"11c9704\" data-element_type=\"section\" data-e-type=\"section\">\n\t\t\t\t\t\t<div class=\"elementor-container elementor-column-gap-default\">\n\t\t\t\t\t<div class=\"elementor-column elementor-col-50 elementor-inner-column elementor-element elementor-element-f475098\" data-id=\"f475098\" data-element_type=\"column\" data-e-type=\"column\">\n\t\t\t<div class=\"elementor-widget-wrap elementor-element-populated\">\n\t\t\t\t\t\t<div class=\"elementor-element elementor-element-21748a6 elementor-widget elementor-widget-text-editor\" data-id=\"21748a6\" data-element_type=\"widget\" data-e-type=\"widget\" data-widget_type=\"text-editor.default\">\n\t\t\t\t<div class=\"elementor-widget-container\">\n\t\t\t\t\t\t\t\t\t<h2>BIENVENUE<\/h2>\t\t\t\t\t\t\t\t<\/div>\n\t\t\t\t<\/div>\n\t\t\t\t<div class=\"elementor-element elementor-element-1345b70 elementor-widget elementor-widget-text-editor\" data-id=\"1345b70\" data-element_type=\"widget\" data-e-type=\"widget\" data-widget_type=\"text-editor.default\">\n\t\t\t\t<div class=\"elementor-widget-container\">\n\t\t\t\t\t\t\t\t\t<div class=\"wp-block-columns are-vertically-aligned-top\">\n<div class=\"wp-block-column is-vertically-aligned-top has-background\" style=\"background-color: rgba(155, 81, 224, 0.24); flex-basis: 100%; text-align: center;\"><strong style=\"color: #555555; background-color: #ffffff;\">Le plaisir de la relation \u00e0 la nature, au cheval, au sport<\/strong><\/div>\n<\/div>\n<p>Chez nous, vous pouvez : <br \/>&#8211; vivre d&rsquo;autres types de mise en relation avec les \u00e9quid\u00e9s (travail postural, isopraxie r\u00e9ciproque, \u00e9thologie appliqu\u00e9e, slow equine education, &#8230;)<\/p>\n<p class=\"has-text-align-left\"><\/p>\n<p>&#8211; d\u00e9velopper de nouvelles comp\u00e9tences (travail mont\u00e9, longe, travail au sol, longues r\u00eanes, libert\u00e9, bien-\u00eatre \u00e9quin, revalidation \u00e9quine, \u00e9ducation, s\u00e9curit\u00e9 en milieu \u00e9questre &#8230;)<\/p>\n<p class=\"has-text-align-left\"><\/p>\n<p>&#8211; b\u00e9n\u00e9ficier d&rsquo;un accompagnement tr\u00e8s personnalis\u00e9 pour d\u00e9finir et atteindre vos objectifs<br \/>mais aussi<\/p>\n<p class=\"has-text-align-left\"><\/p>\n<p>&#8211; contribuer \u00e0 favoriser notre mission \u00ab\u00a0mieux-\u00eatre humain\u00a0\u00bb par la relation aux \u00e9quid\u00e9s, au sport et \u00e0 la nature, en participant activement \u00e0 maintenir une ambiance de partage, d&rsquo;\u00e9coute active, de respect des besoins et cheminement de chacun<\/p>\n<p class=\"has-text-align-left\"><\/p>\t\t\t\t\t\t\t\t<\/div>\n\t\t\t\t<\/div>\n\t\t\t\t\t<\/div>\n\t\t<\/div>\n\t\t\t\t<div class=\"elementor-column elementor-col-50 elementor-inner-column elementor-element elementor-element-37eea43\" data-id=\"37eea43\" data-element_type=\"column\" data-e-type=\"column\">\n\t\t\t<div class=\"elementor-widget-wrap\">\n\t\t\t\t\t\t\t<\/div>\n\t\t<\/div>\n\t\t\t\t\t<\/div>\n\t\t<\/section>\n\t\t\t\t\t<\/div>\n\t\t<\/div>\n\t\t\t\t\t<\/div>\n\t\t<\/section>\n\t\t\t\t<section class=\"elementor-section elementor-top-section elementor-element elementor-element-fa9c0d6 elementor-section-boxed elementor-section-height-default elementor-section-height-default\" data-id=\"fa9c0d6\" data-element_type=\"section\" data-e-type=\"section\">\n\t\t\t\t\t\t<div class=\"elementor-container elementor-column-gap-default\">\n\t\t\t\t\t<div class=\"elementor-column elementor-col-100 elementor-top-column elementor-element elementor-element-977fb0f\" data-id=\"977fb0f\" data-element_type=\"column\" data-e-type=\"column\">\n\t\t\t<div class=\"elementor-widget-wrap elementor-element-populated\">\n\t\t\t\t\t\t<div class=\"elementor-element elementor-element-837e866 elementor-widget elementor-widget-link-in-bio\" data-id=\"837e866\" data-element_type=\"widget\" data-e-type=\"widget\" data-widget_type=\"link-in-bio.default\">\n\t\t\t\t<div class=\"elementor-widget-container\">\n\t\t\t\t\t\t\t<div class=\"e-link-in-bio e-link-in-bio\">\n\t\t\t<div class=\"e-link-in-bio__content\">\n\n\t\t\t\t\t\t<div class=\"e-link-in-bio__identity\">\n\t\t\t\t\t\t\t\t\t<div class=\"e-link-in-bio__identity-image e-link-in-bio__identity-image-profile has-border has-style-square\">\n\t\t\t\t\t\t\t<img fetchpriority=\"high\" decoding=\"async\" width=\"300\" height=\"300\" src=\"https:\/\/leschevaux.be\/wp-content\/uploads\/2025\/07\/logo-parme-300x300.png\" class=\"e-link-in-bio__identity-image-element\" alt=\"\" srcset=\"https:\/\/leschevaux.be\/wp-content\/uploads\/2025\/07\/logo-parme-300x300.png 300w, https:\/\/leschevaux.be\/wp-content\/uploads\/2025\/07\/logo-parme-150x150.png 150w, https:\/\/leschevaux.be\/wp-content\/uploads\/2025\/07\/logo-parme-84x84.png 84w, https:\/\/leschevaux.be\/wp-content\/uploads\/2025\/07\/logo-parme-469x469.png 469w, https:\/\/leschevaux.be\/wp-content\/uploads\/2025\/07\/logo-parme.png 500w\" sizes=\"(max-width: 300px) 100vw, 300px\" \/>\t\t\t\t\t\t\t\t\t\t\t\t\t<\/div>\n\t\t\t\t\t\t\t<\/div>\n\t\t\t\t\t<div class=\"e-link-in-bio__bio\">\n\t\t\t\t<h1 class=\"e-link-in-bio__heading\">Anouchka Bednarek Coaching Asbl<\/h1>\t\t\t\t<h2 class=\"e-link-in-bio__title\">Equitation western - Slow Equine Education - 4goodhorses (r)<\/h2>\t\t\t\t\t\t\t\t<p class=\"e-link-in-bio__description\">Coaching - Stages - Cours\n<\/p>\t\t\t<\/div>\n\t\t\t\t\t<div class=\"e-link-in-bio__icons has-size-small\">\n\t\t\t\t\t\t\t<div class=\"e-link-in-bio__icon is-size-small\">\n\t\t\t\t\t<a href=\"https:\/\/www.facebook.com\/abcoachingasbl\" target=\"_blank\" rel=\"noopener \" aria-label=\"Facebook\" class=\"e-link-in-bio__icon-link\">\n\t\t\t\t\t\t<span class=\"e-link-in-bio__icon-svg\">\n\t\t\t\t\t\t\t<i aria-hidden=\"true\" class=\"fab fa-facebook\"><\/i>\t\t\t\t\t\t<\/span>\n\t\t\t\t\t\t\t\t\t\t\t<\/a>\n\t\t\t\t<\/div>\n\t\t\t\t\t\t\t<div class=\"e-link-in-bio__icon is-size-small\">\n\t\t\t\t\t<a href=\"https:\/\/www.instagram.com\/abcasbl\/\" target=\"_blank\" rel=\"noopener \" aria-label=\"Instagram\" class=\"e-link-in-bio__icon-link\">\n\t\t\t\t\t\t<span class=\"e-link-in-bio__icon-svg\">\n\t\t\t\t\t\t\t<i aria-hidden=\"true\" class=\"fab fa-instagram\"><\/i>\t\t\t\t\t\t<\/span>\n\t\t\t\t\t\t\t\t\t\t\t<\/a>\n\t\t\t\t<\/div>\n\t\t\t\t\t\t\t<div class=\"e-link-in-bio__icon is-size-small\">\n\t\t\t\t\t<a aria-label=\"Email\" class=\"e-link-in-bio__icon-link\" href=\"mailto:abcasbl@abcoach.be\">\n\t\t\t\t\t\t<span class=\"e-link-in-bio__icon-svg\">\n\t\t\t\t\t\t\t<i aria-hidden=\"true\" class=\"fas fa-envelope\"><\/i>\t\t\t\t\t\t<\/span>\n\t\t\t\t\t\t\t\t\t\t\t<\/a>\n\t\t\t\t<\/div>\n\t\t\t\t\t\t\t<div class=\"e-link-in-bio__icon is-size-small\">\n\t\t\t\t\t<a aria-label=\"WhatsApp\" class=\"e-link-in-bio__icon-link\" href=\"https:\/\/wa.me\/+32498159674\">\n\t\t\t\t\t\t<span class=\"e-link-in-bio__icon-svg\">\n\t\t\t\t\t\t\t<i aria-hidden=\"true\" class=\"fab fa-whatsapp\"><\/i>\t\t\t\t\t\t<\/span>\n\t\t\t\t\t\t\t\t\t\t\t<\/a>\n\t\t\t\t<\/div>\n\t\t\t\t\t<\/div>\n\t\t\n\t\t<div class=\"e-link-in-bio__ctas has-type-button\">\n\t\t\t\t\t\t\t<a href=\"https:\/\/docs.google.com\/forms\/d\/10lBFkLx6e-IUfqdGQdulnhzlGqxouILLZXud0IGXWxw\/edit\" target=\"_blank\" rel=\"noopener \" class=\"e-link-in-bio__cta is-type-button has-corners-rounded\">\n\t\t\t\t\t\t\t\t\t\t<span class=\"e-link-in-bio__cta-text\">\n\t\t\t\t\t\tDevenir membre\t\t\t\t\t<\/span>\n\t\t\t\t<\/a>\n\t\t\t\t\t<\/div>\n\t\t\n\t\t\t<\/div>\n\t\t\t<div class=\"e-link-in-bio__bg\">\n\t\t\t\t<div class=\"e-link-in-bio__bg-overlay\"><\/div>\n\t\t\t<\/div>\n\t\t<\/div>\n\t\t\t\t\t\t<\/div>\n\t\t\t\t<\/div>\n\t\t\t\t\t<\/div>\n\t\t<\/div>\n\t\t\t\t\t<\/div>\n\t\t<\/section>\n\t\t\t\t<section class=\"elementor-section elementor-top-section elementor-element elementor-element-0fed3b8 elementor-section-boxed elementor-section-height-default elementor-section-height-default\" data-id=\"0fed3b8\" data-element_type=\"section\" data-e-type=\"section\">\n\t\t\t\t\t\t<div class=\"elementor-container elementor-column-gap-default\">\n\t\t\t\t\t<div class=\"elementor-column elementor-col-100 elementor-top-column elementor-element elementor-element-b84ac7c\" data-id=\"b84ac7c\" data-element_type=\"column\" data-e-type=\"column\">\n\t\t\t<div class=\"elementor-widget-wrap elementor-element-populated\">\n\t\t\t\t\t\t\t<\/div>\n\t\t<\/div>\n\t\t\t\t\t<\/div>\n\t\t<\/section>\n\t\t\t\t<section class=\"elementor-section elementor-top-section elementor-element elementor-element-19b347a elementor-section-boxed elementor-section-height-default elementor-section-height-default\" data-id=\"19b347a\" data-element_type=\"section\" data-e-type=\"section\">\n\t\t\t\t\t\t<div class=\"elementor-container elementor-column-gap-default\">\n\t\t\t\t\t<div class=\"elementor-column elementor-col-100 elementor-top-column elementor-element elementor-element-f666366\" data-id=\"f666366\" data-element_type=\"column\" data-e-type=\"column\">\n\t\t\t<div class=\"elementor-widget-wrap\">\n\t\t\t\t\t\t\t<\/div>\n\t\t<\/div>\n\t\t\t\t\t<\/div>\n\t\t<\/section>\n\t\t\t\t<\/div>\n\t\t","protected":false},"excerpt":{"rendered":"<p>BIENVENUE Le plaisir de la relation \u00e0 la nature, au [&hellip;]<\/p>\n","protected":false},"author":1,"featured_media":4398,"parent":0,"menu_order":0,"comment_status":"closed","ping_status":"closed","template":"","meta":{"footnotes":""},"class_list":["post-4396","page","type-page","status-publish","has-post-thumbnail","hentry"],"yoast_head":"<!-- This site is optimized with the Yoast SEO plugin v27.5 - https:\/\/yoast.com\/product\/yoast-seo-wordpress\/ -->\n<title>Anouchka Bednarek Coaching asbl - Anouchka Bednarek Coaching - ABC asbl<\/title>\n<meta name=\"robots\" content=\"index, follow, max-snippet:-1, max-image-preview:large, max-video-preview:-1\" \/>\n<link rel=\"canonical\" href=\"https:\/\/leschevaux.be\/\" \/>\n<meta property=\"og:locale\" content=\"fr_FR\" \/>\n<meta property=\"og:type\" content=\"article\" \/>\n<meta property=\"og:title\" content=\"Anouchka Bednarek Coaching asbl - Anouchka Bednarek Coaching - ABC asbl\" \/>\n<meta property=\"og:description\" content=\"BIENVENUE Le plaisir de la relation \u00e0 la nature, au [&hellip;]\" \/>\n<meta property=\"og:url\" content=\"https:\/\/leschevaux.be\/\" \/>\n<meta property=\"og:site_name\" content=\"Anouchka Bednarek Coaching - ABC asbl\" \/>\n<meta property=\"article:modified_time\" content=\"2025-07-29T12:22:40+00:00\" \/>\n<meta property=\"og:image\" content=\"https:\/\/leschevaux.be\/wp-content\/uploads\/2025\/01\/DSC_0516-Copie-2.jpg\" \/>\n\t<meta property=\"og:image:width\" content=\"1024\" \/>\n\t<meta property=\"og:image:height\" content=\"683\" \/>\n\t<meta property=\"og:image:type\" content=\"image\/jpeg\" \/>\n<meta name=\"twitter:card\" content=\"summary_large_image\" \/>\n<meta name=\"twitter:label1\" content=\"Dur\u00e9e de lecture estim\u00e9e\" \/>\n\t<meta name=\"twitter:data1\" content=\"1 minute\" \/>\n<script type=\"application\/ld+json\" class=\"yoast-schema-graph\">{\"@context\":\"https:\\\/\\\/schema.org\",\"@graph\":[{\"@type\":\"WebPage\",\"@id\":\"https:\\\/\\\/leschevaux.be\\\/\",\"url\":\"https:\\\/\\\/leschevaux.be\\\/\",\"name\":\"Anouchka Bednarek Coaching asbl - Anouchka Bednarek Coaching - ABC asbl\",\"isPartOf\":{\"@id\":\"https:\\\/\\\/leschevaux.be\\\/#website\"},\"primaryImageOfPage\":{\"@id\":\"https:\\\/\\\/leschevaux.be\\\/#primaryimage\"},\"image\":{\"@id\":\"https:\\\/\\\/leschevaux.be\\\/#primaryimage\"},\"thumbnailUrl\":\"https:\\\/\\\/leschevaux.be\\\/wp-content\\\/uploads\\\/2025\\\/01\\\/DSC_0516-Copie-2.jpg\",\"datePublished\":\"2025-01-09T05:29:44+00:00\",\"dateModified\":\"2025-07-29T12:22:40+00:00\",\"breadcrumb\":{\"@id\":\"https:\\\/\\\/leschevaux.be\\\/#breadcrumb\"},\"inLanguage\":\"fr-FR\",\"potentialAction\":[{\"@type\":\"ReadAction\",\"target\":[\"https:\\\/\\\/leschevaux.be\\\/\"]}]},{\"@type\":\"ImageObject\",\"inLanguage\":\"fr-FR\",\"@id\":\"https:\\\/\\\/leschevaux.be\\\/#primaryimage\",\"url\":\"https:\\\/\\\/leschevaux.be\\\/wp-content\\\/uploads\\\/2025\\\/01\\\/DSC_0516-Copie-2.jpg\",\"contentUrl\":\"https:\\\/\\\/leschevaux.be\\\/wp-content\\\/uploads\\\/2025\\\/01\\\/DSC_0516-Copie-2.jpg\",\"width\":1024,\"height\":683},{\"@type\":\"BreadcrumbList\",\"@id\":\"https:\\\/\\\/leschevaux.be\\\/#breadcrumb\",\"itemListElement\":[{\"@type\":\"ListItem\",\"position\":1,\"name\":\"Accueil\",\"item\":\"https:\\\/\\\/leschevaux.be\\\/\"},{\"@type\":\"ListItem\",\"position\":2,\"name\":\"Anouchka Bednarek Coaching asbl\"}]},{\"@type\":\"WebSite\",\"@id\":\"https:\\\/\\\/leschevaux.be\\\/#website\",\"url\":\"https:\\\/\\\/leschevaux.be\\\/\",\"name\":\"Anouchka Bednarek Coaching - ABC asbl\",\"description\":\"Horses Lovers Army- Slow equine education\",\"publisher\":{\"@id\":\"https:\\\/\\\/leschevaux.be\\\/#organization\"},\"potentialAction\":[{\"@type\":\"SearchAction\",\"target\":{\"@type\":\"EntryPoint\",\"urlTemplate\":\"https:\\\/\\\/leschevaux.be\\\/?s={search_term_string}\"},\"query-input\":{\"@type\":\"PropertyValueSpecification\",\"valueRequired\":true,\"valueName\":\"search_term_string\"}}],\"inLanguage\":\"fr-FR\"},{\"@type\":\"Organization\",\"@id\":\"https:\\\/\\\/leschevaux.be\\\/#organization\",\"name\":\"Anouchka Bednarek Coaching - ABC asbl\",\"url\":\"https:\\\/\\\/leschevaux.be\\\/\",\"logo\":{\"@type\":\"ImageObject\",\"inLanguage\":\"fr-FR\",\"@id\":\"https:\\\/\\\/leschevaux.be\\\/#\\\/schema\\\/logo\\\/image\\\/\",\"url\":\"https:\\\/\\\/leschevaux.be\\\/wp-content\\\/uploads\\\/2025\\\/06\\\/logos-abc-4-good-horses-etc-1-scaled.png\",\"contentUrl\":\"https:\\\/\\\/leschevaux.be\\\/wp-content\\\/uploads\\\/2025\\\/06\\\/logos-abc-4-good-horses-etc-1-scaled.png\",\"width\":2560,\"height\":959,\"caption\":\"Anouchka Bednarek Coaching - ABC asbl\"},\"image\":{\"@id\":\"https:\\\/\\\/leschevaux.be\\\/#\\\/schema\\\/logo\\\/image\\\/\"}}]}<\/script>\n<!-- \/ Yoast SEO plugin. -->","yoast_head_json":{"title":"Anouchka Bednarek Coaching asbl - Anouchka Bednarek Coaching - ABC asbl","robots":{"index":"index","follow":"follow","max-snippet":"max-snippet:-1","max-image-preview":"max-image-preview:large","max-video-preview":"max-video-preview:-1"},"canonical":"https:\/\/leschevaux.be\/","og_locale":"fr_FR","og_type":"article","og_title":"Anouchka Bednarek Coaching asbl - Anouchka Bednarek Coaching - ABC asbl","og_description":"BIENVENUE Le plaisir de la relation \u00e0 la nature, au [&hellip;]","og_url":"https:\/\/leschevaux.be\/","og_site_name":"Anouchka Bednarek Coaching - ABC asbl","article_modified_time":"2025-07-29T12:22:40+00:00","og_image":[{"width":1024,"height":683,"url":"https:\/\/leschevaux.be\/wp-content\/uploads\/2025\/01\/DSC_0516-Copie-2.jpg","type":"image\/jpeg"}],"twitter_card":"summary_large_image","twitter_misc":{"Dur\u00e9e de lecture estim\u00e9e":"1 minute"},"schema":{"@context":"https:\/\/schema.org","@graph":[{"@type":"WebPage","@id":"https:\/\/leschevaux.be\/","url":"https:\/\/leschevaux.be\/","name":"Anouchka Bednarek Coaching asbl - Anouchka Bednarek Coaching - ABC asbl","isPartOf":{"@id":"https:\/\/leschevaux.be\/#website"},"primaryImageOfPage":{"@id":"https:\/\/leschevaux.be\/#primaryimage"},"image":{"@id":"https:\/\/leschevaux.be\/#primaryimage"},"thumbnailUrl":"https:\/\/leschevaux.be\/wp-content\/uploads\/2025\/01\/DSC_0516-Copie-2.jpg","datePublished":"2025-01-09T05:29:44+00:00","dateModified":"2025-07-29T12:22:40+00:00","breadcrumb":{"@id":"https:\/\/leschevaux.be\/#breadcrumb"},"inLanguage":"fr-FR","potentialAction":[{"@type":"ReadAction","target":["https:\/\/leschevaux.be\/"]}]},{"@type":"ImageObject","inLanguage":"fr-FR","@id":"https:\/\/leschevaux.be\/#primaryimage","url":"https:\/\/leschevaux.be\/wp-content\/uploads\/2025\/01\/DSC_0516-Copie-2.jpg","contentUrl":"https:\/\/leschevaux.be\/wp-content\/uploads\/2025\/01\/DSC_0516-Copie-2.jpg","width":1024,"height":683},{"@type":"BreadcrumbList","@id":"https:\/\/leschevaux.be\/#breadcrumb","itemListElement":[{"@type":"ListItem","position":1,"name":"Accueil","item":"https:\/\/leschevaux.be\/"},{"@type":"ListItem","position":2,"name":"Anouchka Bednarek Coaching asbl"}]},{"@type":"WebSite","@id":"https:\/\/leschevaux.be\/#website","url":"https:\/\/leschevaux.be\/","name":"Anouchka Bednarek Coaching - ABC asbl","description":"Horses Lovers Army- Slow equine education","publisher":{"@id":"https:\/\/leschevaux.be\/#organization"},"potentialAction":[{"@type":"SearchAction","target":{"@type":"EntryPoint","urlTemplate":"https:\/\/leschevaux.be\/?s={search_term_string}"},"query-input":{"@type":"PropertyValueSpecification","valueRequired":true,"valueName":"search_term_string"}}],"inLanguage":"fr-FR"},{"@type":"Organization","@id":"https:\/\/leschevaux.be\/#organization","name":"Anouchka Bednarek Coaching - ABC asbl","url":"https:\/\/leschevaux.be\/","logo":{"@type":"ImageObject","inLanguage":"fr-FR","@id":"https:\/\/leschevaux.be\/#\/schema\/logo\/image\/","url":"https:\/\/leschevaux.be\/wp-content\/uploads\/2025\/06\/logos-abc-4-good-horses-etc-1-scaled.png","contentUrl":"https:\/\/leschevaux.be\/wp-content\/uploads\/2025\/06\/logos-abc-4-good-horses-etc-1-scaled.png","width":2560,"height":959,"caption":"Anouchka Bednarek Coaching - ABC asbl"},"image":{"@id":"https:\/\/leschevaux.be\/#\/schema\/logo\/image\/"}}]}},"_links":{"self":[{"href":"https:\/\/leschevaux.be\/index.php\/wp-json\/wp\/v2\/pages\/4396","targetHints":{"allow":["GET"]}}],"collection":[{"href":"https:\/\/leschevaux.be\/index.php\/wp-json\/wp\/v2\/pages"}],"about":[{"href":"https:\/\/leschevaux.be\/index.php\/wp-json\/wp\/v2\/types\/page"}],"author":[{"embeddable":true,"href":"https:\/\/leschevaux.be\/index.php\/wp-json\/wp\/v2\/users\/1"}],"replies":[{"embeddable":true,"href":"https:\/\/leschevaux.be\/index.php\/wp-json\/wp\/v2\/comments?post=4396"}],"version-history":[{"count":30,"href":"https:\/\/leschevaux.be\/index.php\/wp-json\/wp\/v2\/pages\/4396\/revisions"}],"predecessor-version":[{"id":4558,"href":"https:\/\/leschevaux.be\/index.php\/wp-json\/wp\/v2\/pages\/4396\/revisions\/4558"}],"wp:featuredmedia":[{"embeddable":true,"href":"https:\/\/leschevaux.be\/index.php\/wp-json\/wp\/v2\/media\/4398"}],"wp:attachment":[{"href":"https:\/\/leschevaux.be\/index.php\/wp-json\/wp\/v2\/media?parent=4396"}],"curies":[{"name":"wp","href":"https:\/\/api.w.org\/{rel}","templated":true}]}}