{"id":605,"date":"2019-08-25T10:18:36","date_gmt":"2019-08-25T08:18:36","guid":{"rendered":"http:\/\/leschevaux.be\/index.php\/e-learning-brevets-western\/"},"modified":"2019-08-25T17:03:35","modified_gmt":"2019-08-25T15:03:35","slug":"e-learning-equitation-classique-et-western","status":"publish","type":"page","link":"https:\/\/leschevaux.be\/index.php\/e-learning-equitation-classique-et-western\/","title":{"rendered":"e-learning \u00e9quitation"},"content":{"rendered":"\n<p style=\"background-color:#b1dc7a\" class=\"has-background\">Bienvenue sur nos modules d&rsquo;apprentissage en ligne.<br><br>Vous trouverez dans chaque section \u00ab\u00a0pr\u00e9paration aux brevets\u00a0\u00bb : <br>&#8211; Hippologie<br>&#8211; Science Equestre<br>&#8211; Conseils de pr\u00e9paration<br>&#8211; Quiz d&rsquo;auto\u00e9valuation<br><br>Pour vous permettre de pr\u00e9parer au mieux vos brevets officiels d&rsquo;\u00e9quitation classique et western.<\/p>\n\n\n\n<p style=\"background-color:#bbf196\" class=\"has-background\">D&rsquo;autres modules sont en pr\u00e9paration  :<br><br>&#8211; Travail au sol<br>&#8211; Bien-\u00eatre \u00e9quin<br>&#8211; Gestion d&rsquo;\u00e9curie<br>&#8211; &#8230;<\/p>\n\n\n\n<p>Membres de l&rsquo;asbl, en cours de pr\u00e9paration de brevet ? <br>Vous recevrez le mot de passe vous permettant d&rsquo;acc\u00e9der aux cours de votre niveau.<br><br>Cavalier ext\u00e9rieur ? D\u00e9sol\u00e9s, \u00e0 ce stade, les modules ne sont pas accessibles au public externe \u00e0 l&rsquo;asbl.<br><\/p>\n\n\n\n<p><br><br><\/p>\n","protected":false},"excerpt":{"rendered":"<p>Bienvenue sur nos modules d&rsquo;apprentissage en ligne. Vous trouverez dans [&hellip;]<\/p>\n","protected":false},"author":1,"featured_media":0,"parent":0,"menu_order":0,"comment_status":"closed","ping_status":"closed","template":"","meta":{"footnotes":""},"class_list":["post-605","page","type-page","status-publish","hentry"],"yoast_head":"<!-- This site is optimized with the Yoast SEO plugin v27.5 - https:\/\/yoast.com\/product\/yoast-seo-wordpress\/ -->\n<title>e-learning \u00e9quitation - Anouchka Bednarek Coaching - ABC asbl<\/title>\n<meta name=\"description\" content=\"equitation americaine preparation en ligne des brevets western dea pour les membres ecoranch asbl\" \/>\n<meta name=\"robots\" content=\"index, follow, max-snippet:-1, max-image-preview:large, max-video-preview:-1\" \/>\n<link rel=\"canonical\" href=\"https:\/\/leschevaux.be\/index.php\/e-learning-equitation-classique-et-western\/\" \/>\n<meta property=\"og:locale\" content=\"fr_FR\" \/>\n<meta property=\"og:type\" content=\"article\" \/>\n<meta property=\"og:title\" content=\"e-learning \u00e9quitation - Anouchka Bednarek Coaching - ABC asbl\" \/>\n<meta property=\"og:description\" content=\"equitation americaine preparation en ligne des brevets western dea pour les membres ecoranch asbl\" \/>\n<meta property=\"og:url\" content=\"https:\/\/leschevaux.be\/index.php\/e-learning-equitation-classique-et-western\/\" \/>\n<meta property=\"og:site_name\" content=\"Anouchka Bednarek Coaching - ABC asbl\" \/>\n<meta property=\"article:modified_time\" content=\"2019-08-25T15:03:35+00:00\" \/>\n<meta name=\"twitter:card\" content=\"summary_large_image\" \/>\n<meta name=\"twitter:label1\" content=\"Dur\u00e9e de lecture estim\u00e9e\" \/>\n\t<meta name=\"twitter:data1\" content=\"1 minute\" \/>\n<script type=\"application\/ld+json\" class=\"yoast-schema-graph\">{\"@context\":\"https:\\\/\\\/schema.org\",\"@graph\":[{\"@type\":\"WebPage\",\"@id\":\"https:\\\/\\\/leschevaux.be\\\/index.php\\\/e-learning-equitation-classique-et-western\\\/\",\"url\":\"https:\\\/\\\/leschevaux.be\\\/index.php\\\/e-learning-equitation-classique-et-western\\\/\",\"name\":\"e-learning \u00e9quitation - Anouchka Bednarek Coaching - ABC asbl\",\"isPartOf\":{\"@id\":\"https:\\\/\\\/leschevaux.be\\\/#website\"},\"datePublished\":\"2019-08-25T08:18:36+00:00\",\"dateModified\":\"2019-08-25T15:03:35+00:00\",\"description\":\"equitation americaine preparation en ligne des brevets western dea pour les membres ecoranch asbl\",\"breadcrumb\":{\"@id\":\"https:\\\/\\\/leschevaux.be\\\/index.php\\\/e-learning-equitation-classique-et-western\\\/#breadcrumb\"},\"inLanguage\":\"fr-FR\",\"potentialAction\":[{\"@type\":\"ReadAction\",\"target\":[\"https:\\\/\\\/leschevaux.be\\\/index.php\\\/e-learning-equitation-classique-et-western\\\/\"]}]},{\"@type\":\"BreadcrumbList\",\"@id\":\"https:\\\/\\\/leschevaux.be\\\/index.php\\\/e-learning-equitation-classique-et-western\\\/#breadcrumb\",\"itemListElement\":[{\"@type\":\"ListItem\",\"position\":1,\"name\":\"Accueil\",\"item\":\"https:\\\/\\\/leschevaux.be\\\/\"},{\"@type\":\"ListItem\",\"position\":2,\"name\":\"e-learning \u00e9quitation\"}]},{\"@type\":\"WebSite\",\"@id\":\"https:\\\/\\\/leschevaux.be\\\/#website\",\"url\":\"https:\\\/\\\/leschevaux.be\\\/\",\"name\":\"Anouchka Bednarek Coaching - ABC asbl\",\"description\":\"Horses Lovers Army- Slow equine education\",\"publisher\":{\"@id\":\"https:\\\/\\\/leschevaux.be\\\/#organization\"},\"potentialAction\":[{\"@type\":\"SearchAction\",\"target\":{\"@type\":\"EntryPoint\",\"urlTemplate\":\"https:\\\/\\\/leschevaux.be\\\/?s={search_term_string}\"},\"query-input\":{\"@type\":\"PropertyValueSpecification\",\"valueRequired\":true,\"valueName\":\"search_term_string\"}}],\"inLanguage\":\"fr-FR\"},{\"@type\":\"Organization\",\"@id\":\"https:\\\/\\\/leschevaux.be\\\/#organization\",\"name\":\"Anouchka Bednarek Coaching - ABC asbl\",\"url\":\"https:\\\/\\\/leschevaux.be\\\/\",\"logo\":{\"@type\":\"ImageObject\",\"inLanguage\":\"fr-FR\",\"@id\":\"https:\\\/\\\/leschevaux.be\\\/#\\\/schema\\\/logo\\\/image\\\/\",\"url\":\"https:\\\/\\\/leschevaux.be\\\/wp-content\\\/uploads\\\/2025\\\/06\\\/logos-abc-4-good-horses-etc-1-scaled.png\",\"contentUrl\":\"https:\\\/\\\/leschevaux.be\\\/wp-content\\\/uploads\\\/2025\\\/06\\\/logos-abc-4-good-horses-etc-1-scaled.png\",\"width\":2560,\"height\":959,\"caption\":\"Anouchka Bednarek Coaching - ABC asbl\"},\"image\":{\"@id\":\"https:\\\/\\\/leschevaux.be\\\/#\\\/schema\\\/logo\\\/image\\\/\"}}]}<\/script>\n<!-- \/ Yoast SEO plugin. -->","yoast_head_json":{"title":"e-learning \u00e9quitation - Anouchka Bednarek Coaching - ABC asbl","description":"equitation americaine preparation en ligne des brevets western dea pour les membres ecoranch asbl","robots":{"index":"index","follow":"follow","max-snippet":"max-snippet:-1","max-image-preview":"max-image-preview:large","max-video-preview":"max-video-preview:-1"},"canonical":"https:\/\/leschevaux.be\/index.php\/e-learning-equitation-classique-et-western\/","og_locale":"fr_FR","og_type":"article","og_title":"e-learning \u00e9quitation - Anouchka Bednarek Coaching - ABC asbl","og_description":"equitation americaine preparation en ligne des brevets western dea pour les membres ecoranch asbl","og_url":"https:\/\/leschevaux.be\/index.php\/e-learning-equitation-classique-et-western\/","og_site_name":"Anouchka Bednarek Coaching - ABC asbl","article_modified_time":"2019-08-25T15:03:35+00:00","twitter_card":"summary_large_image","twitter_misc":{"Dur\u00e9e de lecture estim\u00e9e":"1 minute"},"schema":{"@context":"https:\/\/schema.org","@graph":[{"@type":"WebPage","@id":"https:\/\/leschevaux.be\/index.php\/e-learning-equitation-classique-et-western\/","url":"https:\/\/leschevaux.be\/index.php\/e-learning-equitation-classique-et-western\/","name":"e-learning \u00e9quitation - Anouchka Bednarek Coaching - ABC asbl","isPartOf":{"@id":"https:\/\/leschevaux.be\/#website"},"datePublished":"2019-08-25T08:18:36+00:00","dateModified":"2019-08-25T15:03:35+00:00","description":"equitation americaine preparation en ligne des brevets western dea pour les membres ecoranch asbl","breadcrumb":{"@id":"https:\/\/leschevaux.be\/index.php\/e-learning-equitation-classique-et-western\/#breadcrumb"},"inLanguage":"fr-FR","potentialAction":[{"@type":"ReadAction","target":["https:\/\/leschevaux.be\/index.php\/e-learning-equitation-classique-et-western\/"]}]},{"@type":"BreadcrumbList","@id":"https:\/\/leschevaux.be\/index.php\/e-learning-equitation-classique-et-western\/#breadcrumb","itemListElement":[{"@type":"ListItem","position":1,"name":"Accueil","item":"https:\/\/leschevaux.be\/"},{"@type":"ListItem","position":2,"name":"e-learning \u00e9quitation"}]},{"@type":"WebSite","@id":"https:\/\/leschevaux.be\/#website","url":"https:\/\/leschevaux.be\/","name":"Anouchka Bednarek Coaching - ABC asbl","description":"Horses Lovers Army- Slow equine education","publisher":{"@id":"https:\/\/leschevaux.be\/#organization"},"potentialAction":[{"@type":"SearchAction","target":{"@type":"EntryPoint","urlTemplate":"https:\/\/leschevaux.be\/?s={search_term_string}"},"query-input":{"@type":"PropertyValueSpecification","valueRequired":true,"valueName":"search_term_string"}}],"inLanguage":"fr-FR"},{"@type":"Organization","@id":"https:\/\/leschevaux.be\/#organization","name":"Anouchka Bednarek Coaching - ABC asbl","url":"https:\/\/leschevaux.be\/","logo":{"@type":"ImageObject","inLanguage":"fr-FR","@id":"https:\/\/leschevaux.be\/#\/schema\/logo\/image\/","url":"https:\/\/leschevaux.be\/wp-content\/uploads\/2025\/06\/logos-abc-4-good-horses-etc-1-scaled.png","contentUrl":"https:\/\/leschevaux.be\/wp-content\/uploads\/2025\/06\/logos-abc-4-good-horses-etc-1-scaled.png","width":2560,"height":959,"caption":"Anouchka Bednarek Coaching - ABC asbl"},"image":{"@id":"https:\/\/leschevaux.be\/#\/schema\/logo\/image\/"}}]}},"_links":{"self":[{"href":"https:\/\/leschevaux.be\/index.php\/wp-json\/wp\/v2\/pages\/605","targetHints":{"allow":["GET"]}}],"collection":[{"href":"https:\/\/leschevaux.be\/index.php\/wp-json\/wp\/v2\/pages"}],"about":[{"href":"https:\/\/leschevaux.be\/index.php\/wp-json\/wp\/v2\/types\/page"}],"author":[{"embeddable":true,"href":"https:\/\/leschevaux.be\/index.php\/wp-json\/wp\/v2\/users\/1"}],"replies":[{"embeddable":true,"href":"https:\/\/leschevaux.be\/index.php\/wp-json\/wp\/v2\/comments?post=605"}],"version-history":[{"count":4,"href":"https:\/\/leschevaux.be\/index.php\/wp-json\/wp\/v2\/pages\/605\/revisions"}],"predecessor-version":[{"id":1944,"href":"https:\/\/leschevaux.be\/index.php\/wp-json\/wp\/v2\/pages\/605\/revisions\/1944"}],"wp:attachment":[{"href":"https:\/\/leschevaux.be\/index.php\/wp-json\/wp\/v2\/media?parent=605"}],"curies":[{"name":"wp","href":"https:\/\/api.w.org\/{rel}","templated":true}]}}